{"id":18,"date":"2024-07-07T16:14:13","date_gmt":"2024-07-07T13:14:13","guid":{"rendered":"http:\/\/www.dianadello.ee\/?page_id=18"},"modified":"2024-09-21T17:10:16","modified_gmt":"2024-09-21T14:10:16","slug":"lugu","status":"publish","type":"page","link":"https:\/\/dianadello.ee\/en\/lugu\/","title":{"rendered":"story"},"content":{"rendered":"\t\t<div data-elementor-type=\"wp-page\" data-elementor-id=\"18\" class=\"elementor elementor-18\" data-elementor-post-type=\"page\">\n\t\t\t\t<div class=\"elementor-element elementor-element-e544ecf elementor-hidden-desktop elementor-hidden-tablet elementor-hidden-mobile e-flex e-con-boxed e-con e-parent\" data-id=\"e544ecf\" data-element_type=\"container\" data-e-type=\"container\">\n\t\t\t\t\t<div class=\"e-con-inner\">\n\t\t\t\t<div class=\"elementor-element elementor-element-38b0b32 animated-fast elementor-invisible elementor-widget elementor-widget-heading\" data-id=\"38b0b32\" data-element_type=\"widget\" data-e-type=\"widget\" data-settings=\"{&quot;motion_fx_motion_fx_scrolling&quot;:&quot;yes&quot;,&quot;motion_fx_opacity_effect&quot;:&quot;yes&quot;,&quot;motion_fx_opacity_direction&quot;:&quot;in-out&quot;,&quot;motion_fx_opacity_range&quot;:{&quot;unit&quot;:&quot;%&quot;,&quot;size&quot;:&quot;&quot;,&quot;sizes&quot;:{&quot;start&quot;:50,&quot;end&quot;:100}},&quot;motion_fx_range&quot;:&quot;viewport&quot;,&quot;_animation&quot;:&quot;fadeIn&quot;,&quot;_animation_delay&quot;:500,&quot;motion_fx_opacity_level&quot;:{&quot;unit&quot;:&quot;px&quot;,&quot;size&quot;:10,&quot;sizes&quot;:[]},&quot;motion_fx_devices&quot;:[&quot;desktop&quot;,&quot;tablet&quot;,&quot;mobile&quot;]}\" data-widget_type=\"heading.default\">\n\t\t\t\t<div class=\"elementor-widget-container\">\n\t\t\t\t\t<h1 class=\"elementor-heading-title elementor-size-default\">diana dello<\/h1>\t\t\t\t<\/div>\n\t\t\t\t<\/div>\n\t\t\t\t<div class=\"elementor-element elementor-element-19d1225 animated-fast elementor-invisible elementor-widget elementor-widget-image\" data-id=\"19d1225\" data-element_type=\"widget\" data-e-type=\"widget\" data-settings=\"{&quot;motion_fx_motion_fx_scrolling&quot;:&quot;yes&quot;,&quot;motion_fx_translateY_effect&quot;:&quot;yes&quot;,&quot;motion_fx_opacity_effect&quot;:&quot;yes&quot;,&quot;motion_fx_opacity_direction&quot;:&quot;in-out&quot;,&quot;motion_fx_opacity_range&quot;:{&quot;unit&quot;:&quot;%&quot;,&quot;size&quot;:&quot;&quot;,&quot;sizes&quot;:{&quot;start&quot;:58,&quot;end&quot;:100}},&quot;motion_fx_range&quot;:&quot;viewport&quot;,&quot;_animation&quot;:&quot;fadeInDown&quot;,&quot;_animation_delay&quot;:1000,&quot;motion_fx_translateY_speed&quot;:{&quot;unit&quot;:&quot;px&quot;,&quot;size&quot;:4,&quot;sizes&quot;:[]},&quot;motion_fx_translateY_affectedRange&quot;:{&quot;unit&quot;:&quot;%&quot;,&quot;size&quot;:&quot;&quot;,&quot;sizes&quot;:{&quot;start&quot;:0,&quot;end&quot;:100}},&quot;motion_fx_opacity_level&quot;:{&quot;unit&quot;:&quot;px&quot;,&quot;size&quot;:10,&quot;sizes&quot;:[]},&quot;motion_fx_devices&quot;:[&quot;desktop&quot;,&quot;tablet&quot;,&quot;mobile&quot;]}\" data-widget_type=\"image.default\">\n\t\t\t\t<div class=\"elementor-widget-container\">\n\t\t\t\t\t\t\t\t\t\t\t\t\t\t\t<img decoding=\"async\" src=\"https:\/\/www.dianadello.ee\/wp-content\/uploads\/elementor\/thumbs\/diana-dello-laiul-qtwdwm86n2qopsl1460yl3b3y7zjaftcvj4rb43f14.png\" title=\"diana.1\" alt=\"diana.1\" loading=\"lazy\" \/>\t\t\t\t\t\t\t\t\t\t\t\t\t\t\t<\/div>\n\t\t\t\t<\/div>\n\t\t\t\t\t<\/div>\n\t\t\t\t<\/div>\n\t\t<div class=\"elementor-element elementor-element-00831d9 e-flex e-con-boxed e-con e-parent\" data-id=\"00831d9\" data-element_type=\"container\" data-e-type=\"container\">\n\t\t\t\t\t<div class=\"e-con-inner\">\n\t\t\t\t<div class=\"elementor-element elementor-element-b99462b animated-slow elementor-invisible elementor-widget elementor-widget-heading\" data-id=\"b99462b\" data-element_type=\"widget\" data-e-type=\"widget\" data-settings=\"{&quot;motion_fx_motion_fx_scrolling&quot;:&quot;yes&quot;,&quot;_animation&quot;:&quot;fadeIn&quot;,&quot;_animation_delay&quot;:0,&quot;_animation_mobile&quot;:&quot;fadeIn&quot;,&quot;_animation_tablet&quot;:&quot;fadeIn&quot;,&quot;motion_fx_devices&quot;:[&quot;desktop&quot;,&quot;tablet&quot;,&quot;mobile&quot;]}\" data-widget_type=\"heading.default\">\n\t\t\t\t<div class=\"elementor-widget-container\">\n\t\t\t\t\t<h2 class=\"elementor-heading-title elementor-size-default\">loomisest<\/h2>\t\t\t\t<\/div>\n\t\t\t\t<\/div>\n\t\t\t\t<div class=\"elementor-element elementor-element-c30082e animated-slow elementor-invisible elementor-widget elementor-widget-text-editor\" data-id=\"c30082e\" data-element_type=\"widget\" data-e-type=\"widget\" data-settings=\"{&quot;_animation&quot;:&quot;fadeIn&quot;,&quot;_animation_delay&quot;:0}\" data-widget_type=\"text-editor.default\">\n\t\t\t\t<div class=\"elementor-widget-container\">\n\t\t\t\t\t\t\t\t\t<p><span style=\"text-align: var(--text-align);\">Mulle on alati meeldinud m\u00e4ng arhet\u00fc\u00fcpidega. Sellistele algkujudele, tuumikm\u00fc\u00fctidele v\u00f5ib taandada tegelikult iga elujuhtumi, eseme, loodusn\u00e4htuse. Olemuselt lihtsas v\u00f5ib leida suuri lugusid. Loodus on mu suurim inspiratsiooniallikas. Lisaks veel meie oma p\u00f5hjamaa p\u00e4rimus ning kaugete maade lood ja viisid. Samuti aga ka kaasaegne tants ja kunst, f\u00fc\u00fcsiline teater.\u00a0<\/span><span style=\"text-align: var(--text-align);\">Mulle meeldib v\u00e4ga loodust pildistada, oma ehteid samuti.<\/span><\/p>\t\t\t\t\t\t\t\t<\/div>\n\t\t\t\t<\/div>\n\t\t\t\t<div class=\"elementor-element elementor-element-d2280cb elementor-widget elementor-widget-image\" data-id=\"d2280cb\" data-element_type=\"widget\" data-e-type=\"widget\" data-widget_type=\"image.default\">\n\t\t\t\t<div class=\"elementor-widget-container\">\n\t\t\t\t\t\t\t\t\t\t\t\t\t\t\t<img fetchpriority=\"high\" decoding=\"async\" width=\"1920\" height=\"672\" src=\"https:\/\/www.dianadello.ee\/wp-content\/uploads\/2024\/08\/diana-dello-sein.webp\" class=\"attachment-full size-full wp-image-1572\" alt=\"Ehtekunstnik Diana Dello seina ees.\" srcset=\"https:\/\/www.dianadello.ee\/wp-content\/uploads\/2024\/08\/diana-dello-sein.webp 1920w, https:\/\/www.dianadello.ee\/wp-content\/uploads\/2024\/08\/diana-dello-sein-300x105.webp 300w, https:\/\/www.dianadello.ee\/wp-content\/uploads\/2024\/08\/diana-dello-sein-1024x358.webp 1024w, https:\/\/www.dianadello.ee\/wp-content\/uploads\/2024\/08\/diana-dello-sein-768x269.webp 768w, https:\/\/www.dianadello.ee\/wp-content\/uploads\/2024\/08\/diana-dello-sein-1536x538.webp 1536w, https:\/\/www.dianadello.ee\/wp-content\/uploads\/2024\/08\/diana-dello-sein-600x210.webp 600w\" sizes=\"(max-width: 1920px) 100vw, 1920px\" \/>\t\t\t\t\t\t\t\t\t\t\t\t\t\t\t<\/div>\n\t\t\t\t<\/div>\n\t\t\t\t\t<\/div>\n\t\t\t\t<\/div>\n\t\t<div class=\"elementor-element elementor-element-9a31d03 e-flex e-con-boxed e-con e-parent\" data-id=\"9a31d03\" data-element_type=\"container\" data-e-type=\"container\">\n\t\t\t\t\t<div class=\"e-con-inner\">\n\t\t<div class=\"elementor-element elementor-element-cdb1fc7 e-con-full e-flex e-con e-child\" data-id=\"cdb1fc7\" data-element_type=\"container\" data-e-type=\"container\" data-settings=\"{&quot;animation_mobile&quot;:&quot;fadeIn&quot;}\">\n\t\t\t\t<div class=\"elementor-element elementor-element-7784bee animated-slow elementor-invisible elementor-widget elementor-widget-heading\" data-id=\"7784bee\" data-element_type=\"widget\" data-e-type=\"widget\" data-settings=\"{&quot;_animation&quot;:&quot;fadeIn&quot;,&quot;_animation_delay&quot;:0,&quot;_animation_mobile&quot;:&quot;fadeIn&quot;,&quot;_animation_tablet&quot;:&quot;fadeIn&quot;}\" data-widget_type=\"heading.default\">\n\t\t\t\t<div class=\"elementor-widget-container\">\n\t\t\t\t\t<h2 class=\"elementor-heading-title elementor-size-default\">ehetest<\/h2>\t\t\t\t<\/div>\n\t\t\t\t<\/div>\n\t\t\t\t<div class=\"elementor-element elementor-element-3cb059b animated-slow elementor-invisible elementor-widget elementor-widget-text-editor\" data-id=\"3cb059b\" data-element_type=\"widget\" data-e-type=\"widget\" data-settings=\"{&quot;_animation&quot;:&quot;fadeIn&quot;,&quot;_animation_delay&quot;:0}\" data-widget_type=\"text-editor.default\">\n\t\t\t\t<div class=\"elementor-widget-container\">\n\t\t\t\t\t\t\t\t\t<p>Metallit\u00f6\u00f6s on mulle eriliseks huviobjektiks kujunenud kroonid &#8211; peaehted. Nii nagu ammustel aegadel p\u00f5imiti suured k\u00fcsimused ja vastused, tundedki esemetesse, riietesse, ehetesse, p\u00fc\u00fcan ka mina seda l\u00e4bi enda poolt loodu teha &#8211; luua hingestatud ehteid. N\u00e4iteks, mida kujutavad endast need lindid, mis kunagi aegadel ammustel peaehteid &#8211; p\u00e4rgi, kroone, seppeleid kaunistasid? On neil mingi seos ehk ka hiiesaludega, kuhu inimesed t\u00e4nini linte-paelu s\u00f5lmivad, et luua seos maise ja n\u00e4htamatu maailma vahele? Aitasid nad ehk \u00f5hus-tuules lehvides kaasa ajapiiride kadumisele ja \u00fchenduse n\u00e4gemisele sellega, mis seitsme m\u00e4e ja mere taga ning kaugemalgi veel?&nbsp;<\/p>\t\t\t\t\t\t\t\t<\/div>\n\t\t\t\t<\/div>\n\t\t<div class=\"elementor-element elementor-element-9dd24b1 e-con-full e-flex e-con e-child\" data-id=\"9dd24b1\" data-element_type=\"container\" data-e-type=\"container\">\n\t\t\t\t<div class=\"elementor-element elementor-element-5365cd3 elementor-mobile-align-center animated-slow elementor-invisible elementor-widget elementor-widget-button\" data-id=\"5365cd3\" data-element_type=\"widget\" data-e-type=\"widget\" data-settings=\"{&quot;_animation&quot;:&quot;fadeIn&quot;,&quot;_animation_delay&quot;:0}\" data-widget_type=\"button.default\">\n\t\t\t\t<div class=\"elementor-widget-container\">\n\t\t\t\t\t\t\t\t\t<div class=\"elementor-button-wrapper\">\n\t\t\t\t\t<a class=\"elementor-button elementor-button-link elementor-size-sm\" href=\"https:\/\/dianadello.ee\/galerii\/\">\n\t\t\t\t\t\t<span class=\"elementor-button-content-wrapper\">\n\t\t\t\t\t\t\t\t\t<span class=\"elementor-button-text\">vaata ehteid<\/span>\n\t\t\t\t\t<\/span>\n\t\t\t\t\t<\/a>\n\t\t\t\t<\/div>\n\t\t\t\t\t\t\t\t<\/div>\n\t\t\t\t<\/div>\n\t\t\t\t<div class=\"elementor-element elementor-element-283c30d elementor-mobile-align-center animated-slow elementor-invisible elementor-widget elementor-widget-button\" data-id=\"283c30d\" data-element_type=\"widget\" data-e-type=\"widget\" data-settings=\"{&quot;_animation&quot;:&quot;fadeIn&quot;,&quot;_animation_delay&quot;:0}\" data-widget_type=\"button.default\">\n\t\t\t\t<div class=\"elementor-widget-container\">\n\t\t\t\t\t\t\t\t\t<div class=\"elementor-button-wrapper\">\n\t\t\t\t\t<a class=\"elementor-button elementor-button-link elementor-size-sm\" href=\"https:\/\/dianadello.ee\/kontakt\/\">\n\t\t\t\t\t\t<span class=\"elementor-button-content-wrapper\">\n\t\t\t\t\t\t\t\t\t<span class=\"elementor-button-text\">kirjuta mulle<\/span>\n\t\t\t\t\t<\/span>\n\t\t\t\t\t<\/a>\n\t\t\t\t<\/div>\n\t\t\t\t\t\t\t\t<\/div>\n\t\t\t\t<\/div>\n\t\t\t\t<\/div>\n\t\t\t\t<\/div>\n\t\t<div class=\"elementor-element elementor-element-621b41f e-con-full e-flex e-con e-child\" data-id=\"621b41f\" data-element_type=\"container\" data-e-type=\"container\">\n\t\t\t\t<div class=\"elementor-element elementor-element-76b4426 animated-slow elementor-invisible elementor-widget elementor-widget-image\" data-id=\"76b4426\" data-element_type=\"widget\" data-e-type=\"widget\" data-settings=\"{&quot;_animation&quot;:&quot;fadeIn&quot;,&quot;_animation_delay&quot;:0}\" data-widget_type=\"image.default\">\n\t\t\t\t<div class=\"elementor-widget-container\">\n\t\t\t\t\t\t\t\t\t\t\t\t\t\t\t<img decoding=\"async\" width=\"410\" height=\"592\" src=\"https:\/\/www.dianadello.ee\/wp-content\/uploads\/2024\/07\/diana-dello-stuudio.png\" class=\"attachment-large size-large wp-image-375\" alt=\"\" srcset=\"https:\/\/www.dianadello.ee\/wp-content\/uploads\/2024\/07\/diana-dello-stuudio.png 410w, https:\/\/www.dianadello.ee\/wp-content\/uploads\/2024\/07\/diana-dello-stuudio-208x300.png 208w\" sizes=\"(max-width: 410px) 100vw, 410px\" \/>\t\t\t\t\t\t\t\t\t\t\t\t\t\t\t<\/div>\n\t\t\t\t<\/div>\n\t\t\t\t<\/div>\n\t\t\t\t\t<\/div>\n\t\t\t\t<\/div>\n\t\t\t\t<\/div>\n\t\t","protected":false},"excerpt":{"rendered":"<p>diana dello loomisest Mulle on alati meeldinud m\u00e4ng arhet\u00fc\u00fcpidega. Sellistele algkujudele, tuumikm\u00fc\u00fctidele v\u00f5ib taandada tegelikult iga elujuhtumi, eseme, loodusn\u00e4htuse. Olemuselt lihtsas v\u00f5ib leida suuri lugusid. Loodus on mu suurim inspiratsiooniallikas. Lisaks veel meie oma p\u00f5hjamaa p\u00e4rimus ning kaugete maade lood ja viisid. Samuti aga ka kaasaegne tants ja kunst, f\u00fc\u00fcsiline teater.\u00a0Mulle meeldib v\u00e4ga loodust pildistada, [&hellip;]<\/p>\n","protected":false},"author":1,"featured_media":0,"parent":0,"menu_order":0,"comment_status":"closed","ping_status":"closed","template":"","meta":{"footnotes":""},"class_list":["post-18","page","type-page","status-publish","hentry"],"yoast_head":"<!-- This site is optimized with the Yoast SEO plugin v27.3 - https:\/\/yoast.com\/product\/yoast-seo-wordpress\/ -->\n<title>lugu &#8211; Diana Dello k\u00e4sit\u00f6\u00f6 h\u00f5beehted<\/title>\n<meta name=\"robots\" content=\"index, follow, max-snippet:-1, max-image-preview:large, max-video-preview:-1\" \/>\n<link rel=\"canonical\" href=\"https:\/\/dianadello.ee\/en\/lugu\/\" \/>\n<meta property=\"og:locale\" content=\"en_GB\" \/>\n<meta property=\"og:type\" content=\"article\" \/>\n<meta property=\"og:title\" content=\"lugu &#8211; Diana Dello k\u00e4sit\u00f6\u00f6 h\u00f5beehted\" \/>\n<meta property=\"og:description\" content=\"diana dello loomisest Mulle on alati meeldinud m\u00e4ng arhet\u00fc\u00fcpidega. Sellistele algkujudele, tuumikm\u00fc\u00fctidele v\u00f5ib taandada tegelikult iga elujuhtumi, eseme, loodusn\u00e4htuse. Olemuselt lihtsas v\u00f5ib leida suuri lugusid. Loodus on mu suurim inspiratsiooniallikas. Lisaks veel meie oma p\u00f5hjamaa p\u00e4rimus ning kaugete maade lood ja viisid. Samuti aga ka kaasaegne tants ja kunst, f\u00fc\u00fcsiline teater.\u00a0Mulle meeldib v\u00e4ga loodust pildistada, [&hellip;]\" \/>\n<meta property=\"og:url\" content=\"https:\/\/dianadello.ee\/en\/lugu\/\" \/>\n<meta property=\"og:site_name\" content=\"Diana Dello k\u00e4sit\u00f6\u00f6 h\u00f5beehted\" \/>\n<meta property=\"article:publisher\" content=\"https:\/\/www.facebook.com\/profile.php?id=100063743642811\" \/>\n<meta property=\"article:modified_time\" content=\"2024-09-21T14:10:16+00:00\" \/>\n<meta property=\"og:image\" content=\"https:\/\/dianadello.ee\/wp-content\/uploads\/elementor\/thumbs\/diana-dello-laiul-qtwdwm86n2qopsl1460yl3b3y7zjaftcvj4rb43f14.png\" \/>\n<meta name=\"twitter:card\" content=\"summary_large_image\" \/>\n<meta name=\"twitter:label1\" content=\"Estimated reading time\" \/>\n\t<meta name=\"twitter:data1\" content=\"2 minutes\" \/>\n<script type=\"application\/ld+json\" class=\"yoast-schema-graph\">{\"@context\":\"https:\\\/\\\/schema.org\",\"@graph\":[{\"@type\":\"WebPage\",\"@id\":\"https:\\\/\\\/dianadello.ee\\\/lugu\\\/\",\"url\":\"https:\\\/\\\/dianadello.ee\\\/lugu\\\/\",\"name\":\"lugu &#8211; Diana Dello k\u00e4sit\u00f6\u00f6 h\u00f5beehted\",\"isPartOf\":{\"@id\":\"https:\\\/\\\/dianadello.ee\\\/#website\"},\"primaryImageOfPage\":{\"@id\":\"https:\\\/\\\/dianadello.ee\\\/lugu\\\/#primaryimage\"},\"image\":{\"@id\":\"https:\\\/\\\/dianadello.ee\\\/lugu\\\/#primaryimage\"},\"thumbnailUrl\":\"https:\\\/\\\/dianadello.ee\\\/wp-content\\\/uploads\\\/elementor\\\/thumbs\\\/diana-dello-laiul-qtwdwm86n2qopsl1460yl3b3y7zjaftcvj4rb43f14.png\",\"datePublished\":\"2024-07-07T13:14:13+00:00\",\"dateModified\":\"2024-09-21T14:10:16+00:00\",\"breadcrumb\":{\"@id\":\"https:\\\/\\\/dianadello.ee\\\/lugu\\\/#breadcrumb\"},\"inLanguage\":\"en-GB\",\"potentialAction\":[{\"@type\":\"ReadAction\",\"target\":[\"https:\\\/\\\/dianadello.ee\\\/lugu\\\/\"]}]},{\"@type\":\"ImageObject\",\"inLanguage\":\"en-GB\",\"@id\":\"https:\\\/\\\/dianadello.ee\\\/lugu\\\/#primaryimage\",\"url\":\"https:\\\/\\\/dianadello.ee\\\/wp-content\\\/uploads\\\/elementor\\\/thumbs\\\/diana-dello-laiul-qtwdwm86n2qopsl1460yl3b3y7zjaftcvj4rb43f14.png\",\"contentUrl\":\"https:\\\/\\\/dianadello.ee\\\/wp-content\\\/uploads\\\/elementor\\\/thumbs\\\/diana-dello-laiul-qtwdwm86n2qopsl1460yl3b3y7zjaftcvj4rb43f14.png\"},{\"@type\":\"BreadcrumbList\",\"@id\":\"https:\\\/\\\/dianadello.ee\\\/lugu\\\/#breadcrumb\",\"itemListElement\":[{\"@type\":\"ListItem\",\"position\":1,\"name\":\"Home\",\"item\":\"https:\\\/\\\/dianadello.ee\\\/en\\\/\"},{\"@type\":\"ListItem\",\"position\":2,\"name\":\"lugu\"}]},{\"@type\":\"WebSite\",\"@id\":\"https:\\\/\\\/dianadello.ee\\\/#website\",\"url\":\"https:\\\/\\\/dianadello.ee\\\/\",\"name\":\"Diana Dello k\u00e4sit\u00f6\u00f6 h\u00f5beehted\",\"description\":\"lood p\u00e4rimusest, loodusest ja inimesest\",\"publisher\":{\"@id\":\"https:\\\/\\\/dianadello.ee\\\/#\\\/schema\\\/person\\\/4147cd15ba226578341e014eda1b623a\"},\"potentialAction\":[{\"@type\":\"SearchAction\",\"target\":{\"@type\":\"EntryPoint\",\"urlTemplate\":\"https:\\\/\\\/dianadello.ee\\\/?s={search_term_string}\"},\"query-input\":{\"@type\":\"PropertyValueSpecification\",\"valueRequired\":true,\"valueName\":\"search_term_string\"}}],\"inLanguage\":\"en-GB\"},{\"@type\":[\"Person\",\"Organization\"],\"@id\":\"https:\\\/\\\/dianadello.ee\\\/#\\\/schema\\\/person\\\/4147cd15ba226578341e014eda1b623a\",\"name\":\"Diana Dello\",\"image\":{\"@type\":\"ImageObject\",\"inLanguage\":\"en-GB\",\"@id\":\"https:\\\/\\\/dianadello.ee\\\/wp-content\\\/uploads\\\/2024\\\/07\\\/diana-dello-logo-3.svg\",\"url\":\"https:\\\/\\\/dianadello.ee\\\/wp-content\\\/uploads\\\/2024\\\/07\\\/diana-dello-logo-3.svg\",\"contentUrl\":\"https:\\\/\\\/dianadello.ee\\\/wp-content\\\/uploads\\\/2024\\\/07\\\/diana-dello-logo-3.svg\",\"width\":472,\"height\":120,\"caption\":\"Diana Dello\"},\"logo\":{\"@id\":\"https:\\\/\\\/dianadello.ee\\\/wp-content\\\/uploads\\\/2024\\\/07\\\/diana-dello-logo-3.svg\"},\"description\":\"Diana Dello is a jewelry artist.\",\"sameAs\":[\"http:\\\/\\\/www.dianadello.ee\",\"https:\\\/\\\/www.facebook.com\\\/profile.php?id=100063743642811\"]}]}<\/script>\n<!-- \/ Yoast SEO plugin. -->","yoast_head_json":{"title":"lugu &#8211; Diana Dello k\u00e4sit\u00f6\u00f6 h\u00f5beehted","robots":{"index":"index","follow":"follow","max-snippet":"max-snippet:-1","max-image-preview":"max-image-preview:large","max-video-preview":"max-video-preview:-1"},"canonical":"https:\/\/dianadello.ee\/en\/lugu\/","og_locale":"en_GB","og_type":"article","og_title":"lugu &#8211; Diana Dello k\u00e4sit\u00f6\u00f6 h\u00f5beehted","og_description":"diana dello loomisest Mulle on alati meeldinud m\u00e4ng arhet\u00fc\u00fcpidega. Sellistele algkujudele, tuumikm\u00fc\u00fctidele v\u00f5ib taandada tegelikult iga elujuhtumi, eseme, loodusn\u00e4htuse. Olemuselt lihtsas v\u00f5ib leida suuri lugusid. Loodus on mu suurim inspiratsiooniallikas. Lisaks veel meie oma p\u00f5hjamaa p\u00e4rimus ning kaugete maade lood ja viisid. Samuti aga ka kaasaegne tants ja kunst, f\u00fc\u00fcsiline teater.\u00a0Mulle meeldib v\u00e4ga loodust pildistada, [&hellip;]","og_url":"https:\/\/dianadello.ee\/en\/lugu\/","og_site_name":"Diana Dello k\u00e4sit\u00f6\u00f6 h\u00f5beehted","article_publisher":"https:\/\/www.facebook.com\/profile.php?id=100063743642811","article_modified_time":"2024-09-21T14:10:16+00:00","og_image":[{"url":"https:\/\/dianadello.ee\/wp-content\/uploads\/elementor\/thumbs\/diana-dello-laiul-qtwdwm86n2qopsl1460yl3b3y7zjaftcvj4rb43f14.png","type":"","width":"","height":""}],"twitter_card":"summary_large_image","twitter_misc":{"Estimated reading time":"2 minutes"},"schema":{"@context":"https:\/\/schema.org","@graph":[{"@type":"WebPage","@id":"https:\/\/dianadello.ee\/lugu\/","url":"https:\/\/dianadello.ee\/lugu\/","name":"lugu &#8211; Diana Dello k\u00e4sit\u00f6\u00f6 h\u00f5beehted","isPartOf":{"@id":"https:\/\/dianadello.ee\/#website"},"primaryImageOfPage":{"@id":"https:\/\/dianadello.ee\/lugu\/#primaryimage"},"image":{"@id":"https:\/\/dianadello.ee\/lugu\/#primaryimage"},"thumbnailUrl":"https:\/\/dianadello.ee\/wp-content\/uploads\/elementor\/thumbs\/diana-dello-laiul-qtwdwm86n2qopsl1460yl3b3y7zjaftcvj4rb43f14.png","datePublished":"2024-07-07T13:14:13+00:00","dateModified":"2024-09-21T14:10:16+00:00","breadcrumb":{"@id":"https:\/\/dianadello.ee\/lugu\/#breadcrumb"},"inLanguage":"en-GB","potentialAction":[{"@type":"ReadAction","target":["https:\/\/dianadello.ee\/lugu\/"]}]},{"@type":"ImageObject","inLanguage":"en-GB","@id":"https:\/\/dianadello.ee\/lugu\/#primaryimage","url":"https:\/\/dianadello.ee\/wp-content\/uploads\/elementor\/thumbs\/diana-dello-laiul-qtwdwm86n2qopsl1460yl3b3y7zjaftcvj4rb43f14.png","contentUrl":"https:\/\/dianadello.ee\/wp-content\/uploads\/elementor\/thumbs\/diana-dello-laiul-qtwdwm86n2qopsl1460yl3b3y7zjaftcvj4rb43f14.png"},{"@type":"BreadcrumbList","@id":"https:\/\/dianadello.ee\/lugu\/#breadcrumb","itemListElement":[{"@type":"ListItem","position":1,"name":"Home","item":"https:\/\/dianadello.ee\/en\/"},{"@type":"ListItem","position":2,"name":"lugu"}]},{"@type":"WebSite","@id":"https:\/\/dianadello.ee\/#website","url":"https:\/\/dianadello.ee\/","name":"Diana Dello k\u00e4sit\u00f6\u00f6 h\u00f5beehted","description":"stories about tradition, nature and people","publisher":{"@id":"https:\/\/dianadello.ee\/#\/schema\/person\/4147cd15ba226578341e014eda1b623a"},"potentialAction":[{"@type":"SearchAction","target":{"@type":"EntryPoint","urlTemplate":"https:\/\/dianadello.ee\/?s={search_term_string}"},"query-input":{"@type":"PropertyValueSpecification","valueRequired":true,"valueName":"search_term_string"}}],"inLanguage":"en-GB"},{"@type":["Person","Organization"],"@id":"https:\/\/dianadello.ee\/#\/schema\/person\/4147cd15ba226578341e014eda1b623a","name":"Diana Dello","image":{"@type":"ImageObject","inLanguage":"en-GB","@id":"https:\/\/dianadello.ee\/wp-content\/uploads\/2024\/07\/diana-dello-logo-3.svg","url":"https:\/\/dianadello.ee\/wp-content\/uploads\/2024\/07\/diana-dello-logo-3.svg","contentUrl":"https:\/\/dianadello.ee\/wp-content\/uploads\/2024\/07\/diana-dello-logo-3.svg","width":472,"height":120,"caption":"Diana Dello"},"logo":{"@id":"https:\/\/dianadello.ee\/wp-content\/uploads\/2024\/07\/diana-dello-logo-3.svg"},"description":"Diana Dello is a jewelry artist.","sameAs":["http:\/\/www.dianadello.ee","https:\/\/www.facebook.com\/profile.php?id=100063743642811"]}]}},"_links":{"self":[{"href":"https:\/\/dianadello.ee\/en\/wp-json\/wp\/v2\/pages\/18","targetHints":{"allow":["GET"]}}],"collection":[{"href":"https:\/\/dianadello.ee\/en\/wp-json\/wp\/v2\/pages"}],"about":[{"href":"https:\/\/dianadello.ee\/en\/wp-json\/wp\/v2\/types\/page"}],"author":[{"embeddable":true,"href":"https:\/\/dianadello.ee\/en\/wp-json\/wp\/v2\/users\/1"}],"replies":[{"embeddable":true,"href":"https:\/\/dianadello.ee\/en\/wp-json\/wp\/v2\/comments?post=18"}],"version-history":[{"count":5,"href":"https:\/\/dianadello.ee\/en\/wp-json\/wp\/v2\/pages\/18\/revisions"}],"predecessor-version":[{"id":2040,"href":"https:\/\/dianadello.ee\/en\/wp-json\/wp\/v2\/pages\/18\/revisions\/2040"}],"wp:attachment":[{"href":"https:\/\/dianadello.ee\/en\/wp-json\/wp\/v2\/media?parent=18"}],"curies":[{"name":"wp","href":"https:\/\/api.w.org\/{rel}","templated":true}]}}