{"id":21,"date":"2024-07-07T16:14:13","date_gmt":"2024-07-07T13:14:13","guid":{"rendered":"http:\/\/www.dianadello.ee\/?page_id=21"},"modified":"2025-01-03T00:51:46","modified_gmt":"2025-01-02T21:51:46","slug":"kontakt","status":"publish","type":"page","link":"https:\/\/dianadello.ee\/en\/kontakt\/","title":{"rendered":"contact"},"content":{"rendered":"\t\t<div data-elementor-type=\"wp-page\" data-elementor-id=\"21\" class=\"elementor elementor-21\" data-elementor-post-type=\"page\">\n\t\t\t\t<div class=\"elementor-element elementor-element-d3fe028 animated-slow e-flex e-con-boxed elementor-invisible e-con e-parent\" data-id=\"d3fe028\" data-element_type=\"container\" data-e-type=\"container\" data-settings=\"{&quot;animation&quot;:&quot;fadeIn&quot;}\">\n\t\t\t\t\t<div class=\"e-con-inner\">\n\t\t\t\t<div class=\"elementor-element elementor-element-3d1038f elementor-widget elementor-widget-heading\" data-id=\"3d1038f\" data-element_type=\"widget\" data-e-type=\"widget\" data-widget_type=\"heading.default\">\n\t\t\t\t<div class=\"elementor-widget-container\">\n\t\t\t\t\t<h2 class=\"elementor-heading-title elementor-size-default\">Kontakt<\/h2>\t\t\t\t<\/div>\n\t\t\t\t<\/div>\n\t\t\t\t\t<\/div>\n\t\t\t\t<\/div>\n\t\t<div class=\"elementor-element elementor-element-c09ae3b animated-slow e-flex e-con-boxed elementor-invisible e-con e-parent\" data-id=\"c09ae3b\" data-element_type=\"container\" data-e-type=\"container\" data-settings=\"{&quot;animation&quot;:&quot;fadeIn&quot;}\">\n\t\t\t\t\t<div class=\"e-con-inner\">\n\t\t<div class=\"elementor-element elementor-element-aabed03 e-con-full e-flex e-con e-child\" data-id=\"aabed03\" data-element_type=\"container\" data-e-type=\"container\">\n\t\t\t\t<div class=\"elementor-element elementor-element-1bfa00f elementor-widget elementor-widget-text-editor\" data-id=\"1bfa00f\" data-element_type=\"widget\" data-e-type=\"widget\" data-widget_type=\"text-editor.default\">\n\t\t\t\t<div class=\"elementor-widget-container\">\n\t\t\t\t\t\t\t\t\t<p>ehted@dianadello.ee<\/p>\t\t\t\t\t\t\t\t<\/div>\n\t\t\t\t<\/div>\n\t\t\t\t<\/div>\n\t\t<div class=\"elementor-element elementor-element-c78840f e-con-full e-flex e-con e-child\" data-id=\"c78840f\" data-element_type=\"container\" data-e-type=\"container\">\n\t\t\t\t<div class=\"elementor-element elementor-element-5689bd9 elementor-button-align-start elementor-widget elementor-widget-form\" data-id=\"5689bd9\" data-element_type=\"widget\" data-e-type=\"widget\" data-settings=\"{&quot;step_next_label&quot;:&quot;J\\u00e4rgmine&quot;,&quot;step_previous_label&quot;:&quot;Eelmine&quot;,&quot;button_width&quot;:&quot;100&quot;,&quot;step_type&quot;:&quot;number_text&quot;,&quot;step_icon_shape&quot;:&quot;circle&quot;}\" data-widget_type=\"form.default\">\n\t\t\t\t<div class=\"elementor-widget-container\">\n\t\t\t\t\t\t\t<form class=\"elementor-form\" method=\"post\" name=\"Kiri\" aria-label=\"Kiri\">\n\t\t\t<input type=\"hidden\" name=\"post_id\" value=\"21\"\/>\n\t\t\t<input type=\"hidden\" name=\"form_id\" value=\"5689bd9\"\/>\n\t\t\t<input type=\"hidden\" name=\"referer_title\" value=\"kontakt &#8211; Diana Dello k\u00e4sit\u00f6\u00f6 h\u00f5beehted\" \/>\n\n\t\t\t\t\t\t\t<input type=\"hidden\" name=\"queried_id\" value=\"21\"\/>\n\t\t\t\n\t\t\t<div class=\"elementor-form-fields-wrapper elementor-labels-above\">\n\t\t\t\t\t\t\t\t<div class=\"elementor-field-type-text elementor-field-group elementor-column elementor-field-group-name elementor-col-100 elementor-field-required\">\n\t\t\t\t\t\t\t\t\t\t\t\t\t<input size=\"1\" type=\"text\" name=\"form_fields[name]\" id=\"form-field-name\" class=\"elementor-field elementor-size-sm  elementor-field-textual\" placeholder=\"nimi\" required=\"required\">\n\t\t\t\t\t\t\t\t\t\t\t<\/div>\n\t\t\t\t\t\t\t\t<div class=\"elementor-field-type-email elementor-field-group elementor-column elementor-field-group-email elementor-col-100 elementor-field-required\">\n\t\t\t\t\t\t\t\t\t\t\t\t\t<input size=\"1\" type=\"email\" name=\"form_fields[email]\" id=\"form-field-email\" class=\"elementor-field elementor-size-sm  elementor-field-textual\" placeholder=\"email\" required=\"required\">\n\t\t\t\t\t\t\t\t\t\t\t<\/div>\n\t\t\t\t\t\t\t\t<div class=\"elementor-field-type-textarea elementor-field-group elementor-column elementor-field-group-message elementor-col-100 elementor-field-required\">\n\t\t\t\t\t<textarea class=\"elementor-field-textual elementor-field  elementor-size-sm\" name=\"form_fields[message]\" id=\"form-field-message\" rows=\"4\" placeholder=\"kiri\" required=\"required\"><\/textarea>\t\t\t\t<\/div>\n\t\t\t\t\t\t\t\t<div class=\"elementor-field-group elementor-column elementor-field-type-submit elementor-col-100 e-form__buttons\">\n\t\t\t\t\t<button class=\"elementor-button elementor-size-sm\" type=\"submit\">\n\t\t\t\t\t\t<span class=\"elementor-button-content-wrapper\">\n\t\t\t\t\t\t\t\t\t\t\t\t\t\t\t\t\t\t\t\t\t\t<span class=\"elementor-button-text\">Saada<\/span>\n\t\t\t\t\t\t\t\t\t\t\t\t\t<\/span>\n\t\t\t\t\t<\/button>\n\t\t\t\t<\/div>\n\t\t\t<\/div>\n\t\t<\/form>\n\t\t\t\t\t\t<\/div>\n\t\t\t\t<\/div>\n\t\t\t\t<\/div>\n\t\t\t\t\t<\/div>\n\t\t\t\t<\/div>\n\t\t<div class=\"elementor-element elementor-element-571d1d9 e-flex e-con-boxed e-con e-parent\" data-id=\"571d1d9\" data-element_type=\"container\" data-e-type=\"container\">\n\t\t\t\t\t<div class=\"e-con-inner\">\n\t\t\t\t<div class=\"elementor-element elementor-element-26d4269 elementor-widget elementor-widget-html\" data-id=\"26d4269\" data-element_type=\"widget\" data-e-type=\"widget\" data-widget_type=\"html.default\">\n\t\t\t\t<div class=\"elementor-widget-container\">\n\t\t\t\t\t<form method=\"post\" action=\"https:\/\/flow.cleverreach.com\/fl\/25cc3a67-4bdd-4bbb-88d1-a3eb64ab78cb\/confirm\" class=\"\" target=\"_blank\">\n  <input type=\"text\" tabindex=\"-1\" autocomplete=\"false\" style=\"display:none !important;\" class=\"cr-nope\" name=\"email_confirm\">\n  <div class=\"cr-web-wrapper bgcolor-1\">\n    <div class=\"cr-web-row bgcolor-2\" style=\"padding:10px 20px;\">\n      <div class=\"cr-text color-2\">\n        <div class=\"cr-web-form\">\n          <input \n            type=\"email\" \n            name=\"email\" \n            required=\"\" \n            placeholder=\"email\" \n            style=\"border-radius: 50px; padding: 12px 20px; border: 1px solid #000; font-family: 'Lato', sans-serif; font-weight: 300; font-size: 16px; width: 100%; box-sizing: border-box;\">\n        <\/div>\n      <\/div>\n    <\/div>\n  <\/div>\n  <div class=\"cr-web-wrapper bgcolor-1\">\n    <div class=\"cr-web-row bgcolor-2\" style=\"padding:10px 20px;\">\n      <div class=\"cr-web-form\">\n        <button \n          type=\"submit\" \n          class=\"aux-color-1 aux-bgcolor-1 cr-text\" \n          style=\"background-color: #fff; color: #000; font-family: 'Lato', sans-serif; font-weight: 300; border-radius: 50px; padding: 12px 12px; width: 150px; text-align: center; border: 1px solid #000; cursor: pointer; transition: all 0.3s ease;\"\n          onmouseover=\"this.style.backgroundColor='#000'; this.style.color='#fff';\"\n          onmouseout=\"this.style.backgroundColor='#fff'; this.style.color='#000';\">\n          liitu uudiskirjaga\n        <\/button>\n      <\/div>\n    <\/div>\n  <\/div>\n<\/form>\t\t\t\t<\/div>\n\t\t\t\t<\/div>\n\t\t\t\t\t<\/div>\n\t\t\t\t<\/div>\n\t\t\t\t<\/div>\n\t\t","protected":false},"excerpt":{"rendered":"<p>Kontakt ehted@dianadello.ee liitu uudiskirjaga<\/p>","protected":false},"author":1,"featured_media":0,"parent":0,"menu_order":0,"comment_status":"closed","ping_status":"closed","template":"","meta":{"footnotes":""},"class_list":["post-21","page","type-page","status-publish","hentry"],"yoast_head":"<!-- This site is optimized with the Yoast SEO plugin v27.3 - https:\/\/yoast.com\/product\/yoast-seo-wordpress\/ -->\n<title>kontakt &#8211; Diana Dello k\u00e4sit\u00f6\u00f6 h\u00f5beehted<\/title>\n<meta name=\"robots\" content=\"index, follow, max-snippet:-1, max-image-preview:large, max-video-preview:-1\" \/>\n<link rel=\"canonical\" href=\"https:\/\/dianadello.ee\/en\/kontakt\/\" \/>\n<meta property=\"og:locale\" content=\"en_GB\" \/>\n<meta property=\"og:type\" content=\"article\" \/>\n<meta property=\"og:title\" content=\"kontakt &#8211; Diana Dello k\u00e4sit\u00f6\u00f6 h\u00f5beehted\" \/>\n<meta property=\"og:description\" content=\"Kontakt ehted@dianadello.ee liitu uudiskirjaga\" \/>\n<meta property=\"og:url\" content=\"https:\/\/dianadello.ee\/en\/kontakt\/\" \/>\n<meta property=\"og:site_name\" content=\"Diana Dello k\u00e4sit\u00f6\u00f6 h\u00f5beehted\" \/>\n<meta property=\"article:publisher\" content=\"https:\/\/www.facebook.com\/profile.php?id=100063743642811\" \/>\n<meta property=\"article:modified_time\" content=\"2025-01-02T21:51:46+00:00\" \/>\n<meta name=\"twitter:card\" content=\"summary_large_image\" \/>\n<meta name=\"twitter:label1\" content=\"Estimated reading time\" \/>\n\t<meta name=\"twitter:data1\" content=\"1 minute\" \/>\n<script type=\"application\/ld+json\" class=\"yoast-schema-graph\">{\"@context\":\"https:\\\/\\\/schema.org\",\"@graph\":[{\"@type\":\"WebPage\",\"@id\":\"https:\\\/\\\/dianadello.ee\\\/kontakt\\\/\",\"url\":\"https:\\\/\\\/dianadello.ee\\\/kontakt\\\/\",\"name\":\"kontakt &#8211; Diana Dello k\u00e4sit\u00f6\u00f6 h\u00f5beehted\",\"isPartOf\":{\"@id\":\"https:\\\/\\\/dianadello.ee\\\/#website\"},\"datePublished\":\"2024-07-07T13:14:13+00:00\",\"dateModified\":\"2025-01-02T21:51:46+00:00\",\"breadcrumb\":{\"@id\":\"https:\\\/\\\/dianadello.ee\\\/kontakt\\\/#breadcrumb\"},\"inLanguage\":\"en-GB\",\"potentialAction\":[{\"@type\":\"ReadAction\",\"target\":[\"https:\\\/\\\/dianadello.ee\\\/kontakt\\\/\"]}]},{\"@type\":\"BreadcrumbList\",\"@id\":\"https:\\\/\\\/dianadello.ee\\\/kontakt\\\/#breadcrumb\",\"itemListElement\":[{\"@type\":\"ListItem\",\"position\":1,\"name\":\"Home\",\"item\":\"https:\\\/\\\/dianadello.ee\\\/en\\\/\"},{\"@type\":\"ListItem\",\"position\":2,\"name\":\"kontakt\"}]},{\"@type\":\"WebSite\",\"@id\":\"https:\\\/\\\/dianadello.ee\\\/#website\",\"url\":\"https:\\\/\\\/dianadello.ee\\\/\",\"name\":\"Diana Dello k\u00e4sit\u00f6\u00f6 h\u00f5beehted\",\"description\":\"lood p\u00e4rimusest, loodusest ja inimesest\",\"publisher\":{\"@id\":\"https:\\\/\\\/dianadello.ee\\\/#\\\/schema\\\/person\\\/4147cd15ba226578341e014eda1b623a\"},\"potentialAction\":[{\"@type\":\"SearchAction\",\"target\":{\"@type\":\"EntryPoint\",\"urlTemplate\":\"https:\\\/\\\/dianadello.ee\\\/?s={search_term_string}\"},\"query-input\":{\"@type\":\"PropertyValueSpecification\",\"valueRequired\":true,\"valueName\":\"search_term_string\"}}],\"inLanguage\":\"en-GB\"},{\"@type\":[\"Person\",\"Organization\"],\"@id\":\"https:\\\/\\\/dianadello.ee\\\/#\\\/schema\\\/person\\\/4147cd15ba226578341e014eda1b623a\",\"name\":\"Diana Dello\",\"image\":{\"@type\":\"ImageObject\",\"inLanguage\":\"en-GB\",\"@id\":\"https:\\\/\\\/dianadello.ee\\\/wp-content\\\/uploads\\\/2024\\\/07\\\/diana-dello-logo-3.svg\",\"url\":\"https:\\\/\\\/dianadello.ee\\\/wp-content\\\/uploads\\\/2024\\\/07\\\/diana-dello-logo-3.svg\",\"contentUrl\":\"https:\\\/\\\/dianadello.ee\\\/wp-content\\\/uploads\\\/2024\\\/07\\\/diana-dello-logo-3.svg\",\"width\":472,\"height\":120,\"caption\":\"Diana Dello\"},\"logo\":{\"@id\":\"https:\\\/\\\/dianadello.ee\\\/wp-content\\\/uploads\\\/2024\\\/07\\\/diana-dello-logo-3.svg\"},\"description\":\"Diana Dello is a jewelry artist.\",\"sameAs\":[\"http:\\\/\\\/www.dianadello.ee\",\"https:\\\/\\\/www.facebook.com\\\/profile.php?id=100063743642811\"]}]}<\/script>\n<!-- \/ Yoast SEO plugin. -->","yoast_head_json":{"title":"kontakt &#8211; Diana Dello k\u00e4sit\u00f6\u00f6 h\u00f5beehted","robots":{"index":"index","follow":"follow","max-snippet":"max-snippet:-1","max-image-preview":"max-image-preview:large","max-video-preview":"max-video-preview:-1"},"canonical":"https:\/\/dianadello.ee\/en\/kontakt\/","og_locale":"en_GB","og_type":"article","og_title":"kontakt &#8211; Diana Dello k\u00e4sit\u00f6\u00f6 h\u00f5beehted","og_description":"Kontakt ehted@dianadello.ee liitu uudiskirjaga","og_url":"https:\/\/dianadello.ee\/en\/kontakt\/","og_site_name":"Diana Dello k\u00e4sit\u00f6\u00f6 h\u00f5beehted","article_publisher":"https:\/\/www.facebook.com\/profile.php?id=100063743642811","article_modified_time":"2025-01-02T21:51:46+00:00","twitter_card":"summary_large_image","twitter_misc":{"Estimated reading time":"1 minute"},"schema":{"@context":"https:\/\/schema.org","@graph":[{"@type":"WebPage","@id":"https:\/\/dianadello.ee\/kontakt\/","url":"https:\/\/dianadello.ee\/kontakt\/","name":"kontakt &#8211; Diana Dello k\u00e4sit\u00f6\u00f6 h\u00f5beehted","isPartOf":{"@id":"https:\/\/dianadello.ee\/#website"},"datePublished":"2024-07-07T13:14:13+00:00","dateModified":"2025-01-02T21:51:46+00:00","breadcrumb":{"@id":"https:\/\/dianadello.ee\/kontakt\/#breadcrumb"},"inLanguage":"en-GB","potentialAction":[{"@type":"ReadAction","target":["https:\/\/dianadello.ee\/kontakt\/"]}]},{"@type":"BreadcrumbList","@id":"https:\/\/dianadello.ee\/kontakt\/#breadcrumb","itemListElement":[{"@type":"ListItem","position":1,"name":"Home","item":"https:\/\/dianadello.ee\/en\/"},{"@type":"ListItem","position":2,"name":"kontakt"}]},{"@type":"WebSite","@id":"https:\/\/dianadello.ee\/#website","url":"https:\/\/dianadello.ee\/","name":"Diana Dello k\u00e4sit\u00f6\u00f6 h\u00f5beehted","description":"stories about tradition, nature and people","publisher":{"@id":"https:\/\/dianadello.ee\/#\/schema\/person\/4147cd15ba226578341e014eda1b623a"},"potentialAction":[{"@type":"SearchAction","target":{"@type":"EntryPoint","urlTemplate":"https:\/\/dianadello.ee\/?s={search_term_string}"},"query-input":{"@type":"PropertyValueSpecification","valueRequired":true,"valueName":"search_term_string"}}],"inLanguage":"en-GB"},{"@type":["Person","Organization"],"@id":"https:\/\/dianadello.ee\/#\/schema\/person\/4147cd15ba226578341e014eda1b623a","name":"Diana Dello","image":{"@type":"ImageObject","inLanguage":"en-GB","@id":"https:\/\/dianadello.ee\/wp-content\/uploads\/2024\/07\/diana-dello-logo-3.svg","url":"https:\/\/dianadello.ee\/wp-content\/uploads\/2024\/07\/diana-dello-logo-3.svg","contentUrl":"https:\/\/dianadello.ee\/wp-content\/uploads\/2024\/07\/diana-dello-logo-3.svg","width":472,"height":120,"caption":"Diana Dello"},"logo":{"@id":"https:\/\/dianadello.ee\/wp-content\/uploads\/2024\/07\/diana-dello-logo-3.svg"},"description":"Diana Dello is a jewelry artist.","sameAs":["http:\/\/www.dianadello.ee","https:\/\/www.facebook.com\/profile.php?id=100063743642811"]}]}},"_links":{"self":[{"href":"https:\/\/dianadello.ee\/en\/wp-json\/wp\/v2\/pages\/21","targetHints":{"allow":["GET"]}}],"collection":[{"href":"https:\/\/dianadello.ee\/en\/wp-json\/wp\/v2\/pages"}],"about":[{"href":"https:\/\/dianadello.ee\/en\/wp-json\/wp\/v2\/types\/page"}],"author":[{"embeddable":true,"href":"https:\/\/dianadello.ee\/en\/wp-json\/wp\/v2\/users\/1"}],"replies":[{"embeddable":true,"href":"https:\/\/dianadello.ee\/en\/wp-json\/wp\/v2\/comments?post=21"}],"version-history":[{"count":5,"href":"https:\/\/dianadello.ee\/en\/wp-json\/wp\/v2\/pages\/21\/revisions"}],"predecessor-version":[{"id":2251,"href":"https:\/\/dianadello.ee\/en\/wp-json\/wp\/v2\/pages\/21\/revisions\/2251"}],"wp:attachment":[{"href":"https:\/\/dianadello.ee\/en\/wp-json\/wp\/v2\/media?parent=21"}],"curies":[{"name":"wp","href":"https:\/\/api.w.org\/{rel}","templated":true}]}}