{"id":2393,"date":"2025-05-07T17:54:53","date_gmt":"2025-05-07T14:54:53","guid":{"rendered":"https:\/\/dianadello.ee\/?post_type=product&#038;p=2393"},"modified":"2026-02-13T10:24:37","modified_gmt":"2026-02-13T07:24:37","slug":"sumedad-ood-kreeka","status":"publish","type":"product","link":"https:\/\/dianadello.ee\/en\/product\/sumedad-ood-kreeka\/","title":{"rendered":"sumedad \u00f6\u00f6d, Kreeka"},"content":{"rendered":"<p>h\u00f5bedast k\u00f5rvar\u00f5ngad<\/p>\n<p>19. sajandist p\u00e4rit siidpael, oon\u00fcksid, h\u00f5be 925<\/p>\n<p>k\u00f5rvar\u00f5ngaste k\u00f5rgus koos kinnitusega: 7,7 cm<\/p>","protected":false},"excerpt":{"rendered":"<p>h\u00f5bedast k\u00f5rvar\u00f5ngad 19. sajandist p\u00e4rit siidpael, oon\u00fcksid, h\u00f5be 925 k\u00f5rvar\u00f5ngaste k\u00f5rgus koos kinnitusega: 7,7 cm<\/p>","protected":false},"featured_media":2394,"comment_status":"open","ping_status":"closed","template":"","meta":[],"product_brand":[],"product_cat":[19,29],"product_tag":[],"class_list":{"0":"post-2393","1":"product","2":"type-product","3":"status-publish","4":"has-post-thumbnail","6":"product_cat-koik-ehted","7":"product_cat-korvarongad","9":"first","10":"instock","11":"shipping-taxable","12":"purchasable","13":"product-type-simple"},"yoast_head":"<!-- This site is optimized with the Yoast SEO plugin v27.3 - https:\/\/yoast.com\/product\/yoast-seo-wordpress\/ -->\n<title>sumedad \u00f6\u00f6d, Kreeka &#8211; Diana Dello k\u00e4sit\u00f6\u00f6 h\u00f5beehted<\/title>\n<meta name=\"robots\" content=\"index, follow, max-snippet:-1, max-image-preview:large, max-video-preview:-1\" \/>\n<link rel=\"canonical\" href=\"https:\/\/dianadello.ee\/en\/product\/sumedad-ood-kreeka\/\" \/>\n<meta property=\"og:locale\" content=\"en_GB\" \/>\n<meta property=\"og:type\" content=\"article\" \/>\n<meta property=\"og:title\" content=\"sumedad \u00f6\u00f6d, Kreeka &#8211; Diana Dello k\u00e4sit\u00f6\u00f6 h\u00f5beehted\" \/>\n<meta property=\"og:description\" content=\"h\u00f5bedast k\u00f5rvar\u00f5ngad 19. sajandist p\u00e4rit siidpael, oon\u00fcksid, h\u00f5be 925 k\u00f5rvar\u00f5ngaste k\u00f5rgus koos kinnitusega: 7,7 cm\" \/>\n<meta property=\"og:url\" content=\"https:\/\/dianadello.ee\/en\/product\/sumedad-ood-kreeka\/\" \/>\n<meta property=\"og:site_name\" content=\"Diana Dello k\u00e4sit\u00f6\u00f6 h\u00f5beehted\" \/>\n<meta property=\"article:publisher\" content=\"https:\/\/www.facebook.com\/profile.php?id=100063743642811\" \/>\n<meta property=\"article:modified_time\" content=\"2026-02-13T07:24:37+00:00\" \/>\n<meta property=\"og:image\" content=\"https:\/\/dianadello.ee\/wp-content\/uploads\/2025\/05\/Diana_Dello_Jewelry_Kreeka-sumedad-ood-scaled.jpg\" \/>\n\t<meta property=\"og:image:width\" content=\"1707\" \/>\n\t<meta property=\"og:image:height\" content=\"2560\" \/>\n\t<meta property=\"og:image:type\" content=\"image\/jpeg\" \/>\n<meta name=\"twitter:card\" content=\"summary_large_image\" \/>\n<meta name=\"twitter:label1\" content=\"Estimated reading time\" \/>\n\t<meta name=\"twitter:data1\" content=\"1 minute\" \/>\n<script type=\"application\/ld+json\" class=\"yoast-schema-graph\">{\"@context\":\"https:\\\/\\\/schema.org\",\"@graph\":[{\"@type\":\"WebPage\",\"@id\":\"https:\\\/\\\/dianadello.ee\\\/en\\\/product\\\/sumedad-ood-kreeka\\\/\",\"url\":\"https:\\\/\\\/dianadello.ee\\\/en\\\/product\\\/sumedad-ood-kreeka\\\/\",\"name\":\"sumedad \u00f6\u00f6d, Kreeka &#8211; Diana Dello k\u00e4sit\u00f6\u00f6 h\u00f5beehted\",\"isPartOf\":{\"@id\":\"https:\\\/\\\/dianadello.ee\\\/#website\"},\"primaryImageOfPage\":{\"@id\":\"https:\\\/\\\/dianadello.ee\\\/en\\\/product\\\/sumedad-ood-kreeka\\\/#primaryimage\"},\"image\":{\"@id\":\"https:\\\/\\\/dianadello.ee\\\/en\\\/product\\\/sumedad-ood-kreeka\\\/#primaryimage\"},\"thumbnailUrl\":\"https:\\\/\\\/dianadello.ee\\\/wp-content\\\/uploads\\\/2025\\\/05\\\/Diana_Dello_Jewelry_Kreeka-sumedad-ood-scaled.jpg\",\"datePublished\":\"2025-05-07T14:54:53+00:00\",\"dateModified\":\"2026-02-13T07:24:37+00:00\",\"breadcrumb\":{\"@id\":\"https:\\\/\\\/dianadello.ee\\\/en\\\/product\\\/sumedad-ood-kreeka\\\/#breadcrumb\"},\"inLanguage\":\"en-GB\",\"potentialAction\":[{\"@type\":\"ReadAction\",\"target\":[\"https:\\\/\\\/dianadello.ee\\\/en\\\/product\\\/sumedad-ood-kreeka\\\/\"]}]},{\"@type\":\"ImageObject\",\"inLanguage\":\"en-GB\",\"@id\":\"https:\\\/\\\/dianadello.ee\\\/en\\\/product\\\/sumedad-ood-kreeka\\\/#primaryimage\",\"url\":\"https:\\\/\\\/dianadello.ee\\\/wp-content\\\/uploads\\\/2025\\\/05\\\/Diana_Dello_Jewelry_Kreeka-sumedad-ood-scaled.jpg\",\"contentUrl\":\"https:\\\/\\\/dianadello.ee\\\/wp-content\\\/uploads\\\/2025\\\/05\\\/Diana_Dello_Jewelry_Kreeka-sumedad-ood-scaled.jpg\",\"width\":1707,\"height\":2560,\"caption\":\"Diana_Dello_Jewelry_Kreeka, sumedad o\u0308o\u0308d, h\u00f5bedast k\u00f5rvar\u00f5ngad\"},{\"@type\":\"BreadcrumbList\",\"@id\":\"https:\\\/\\\/dianadello.ee\\\/en\\\/product\\\/sumedad-ood-kreeka\\\/#breadcrumb\",\"itemListElement\":[{\"@type\":\"ListItem\",\"position\":1,\"name\":\"Home\",\"item\":\"https:\\\/\\\/dianadello.ee\\\/en\\\/\"},{\"@type\":\"ListItem\",\"position\":2,\"name\":\"Products\",\"item\":\"https:\\\/\\\/dianadello.ee\\\/en\\\/shop\\\/\"},{\"@type\":\"ListItem\",\"position\":3,\"name\":\"sumedad \u00f6\u00f6d, Kreeka\"}]},{\"@type\":\"WebSite\",\"@id\":\"https:\\\/\\\/dianadello.ee\\\/#website\",\"url\":\"https:\\\/\\\/dianadello.ee\\\/\",\"name\":\"Diana Dello k\u00e4sit\u00f6\u00f6 h\u00f5beehted\",\"description\":\"lood p\u00e4rimusest, loodusest ja inimesest\",\"publisher\":{\"@id\":\"https:\\\/\\\/dianadello.ee\\\/#\\\/schema\\\/person\\\/4147cd15ba226578341e014eda1b623a\"},\"potentialAction\":[{\"@type\":\"SearchAction\",\"target\":{\"@type\":\"EntryPoint\",\"urlTemplate\":\"https:\\\/\\\/dianadello.ee\\\/?s={search_term_string}\"},\"query-input\":{\"@type\":\"PropertyValueSpecification\",\"valueRequired\":true,\"valueName\":\"search_term_string\"}}],\"inLanguage\":\"en-GB\"},{\"@type\":[\"Person\",\"Organization\"],\"@id\":\"https:\\\/\\\/dianadello.ee\\\/#\\\/schema\\\/person\\\/4147cd15ba226578341e014eda1b623a\",\"name\":\"Diana Dello\",\"image\":{\"@type\":\"ImageObject\",\"inLanguage\":\"en-GB\",\"@id\":\"https:\\\/\\\/dianadello.ee\\\/wp-content\\\/uploads\\\/2024\\\/07\\\/diana-dello-logo-3.svg\",\"url\":\"https:\\\/\\\/dianadello.ee\\\/wp-content\\\/uploads\\\/2024\\\/07\\\/diana-dello-logo-3.svg\",\"contentUrl\":\"https:\\\/\\\/dianadello.ee\\\/wp-content\\\/uploads\\\/2024\\\/07\\\/diana-dello-logo-3.svg\",\"width\":472,\"height\":120,\"caption\":\"Diana Dello\"},\"logo\":{\"@id\":\"https:\\\/\\\/dianadello.ee\\\/wp-content\\\/uploads\\\/2024\\\/07\\\/diana-dello-logo-3.svg\"},\"description\":\"Diana Dello is a jewelry artist.\",\"sameAs\":[\"http:\\\/\\\/www.dianadello.ee\",\"https:\\\/\\\/www.facebook.com\\\/profile.php?id=100063743642811\"]}]}<\/script>\n<!-- \/ Yoast SEO plugin. -->","yoast_head_json":{"title":"sumedad \u00f6\u00f6d, Kreeka &#8211; Diana Dello k\u00e4sit\u00f6\u00f6 h\u00f5beehted","robots":{"index":"index","follow":"follow","max-snippet":"max-snippet:-1","max-image-preview":"max-image-preview:large","max-video-preview":"max-video-preview:-1"},"canonical":"https:\/\/dianadello.ee\/en\/product\/sumedad-ood-kreeka\/","og_locale":"en_GB","og_type":"article","og_title":"sumedad \u00f6\u00f6d, Kreeka &#8211; Diana Dello k\u00e4sit\u00f6\u00f6 h\u00f5beehted","og_description":"h\u00f5bedast k\u00f5rvar\u00f5ngad 19. sajandist p\u00e4rit siidpael, oon\u00fcksid, h\u00f5be 925 k\u00f5rvar\u00f5ngaste k\u00f5rgus koos kinnitusega: 7,7 cm","og_url":"https:\/\/dianadello.ee\/en\/product\/sumedad-ood-kreeka\/","og_site_name":"Diana Dello k\u00e4sit\u00f6\u00f6 h\u00f5beehted","article_publisher":"https:\/\/www.facebook.com\/profile.php?id=100063743642811","article_modified_time":"2026-02-13T07:24:37+00:00","og_image":[{"width":1707,"height":2560,"url":"https:\/\/dianadello.ee\/wp-content\/uploads\/2025\/05\/Diana_Dello_Jewelry_Kreeka-sumedad-ood-scaled.jpg","type":"image\/jpeg"}],"twitter_card":"summary_large_image","twitter_misc":{"Estimated reading time":"1 minute"},"schema":{"@context":"https:\/\/schema.org","@graph":[{"@type":"WebPage","@id":"https:\/\/dianadello.ee\/en\/product\/sumedad-ood-kreeka\/","url":"https:\/\/dianadello.ee\/en\/product\/sumedad-ood-kreeka\/","name":"sumedad \u00f6\u00f6d, Kreeka &#8211; Diana Dello k\u00e4sit\u00f6\u00f6 h\u00f5beehted","isPartOf":{"@id":"https:\/\/dianadello.ee\/#website"},"primaryImageOfPage":{"@id":"https:\/\/dianadello.ee\/en\/product\/sumedad-ood-kreeka\/#primaryimage"},"image":{"@id":"https:\/\/dianadello.ee\/en\/product\/sumedad-ood-kreeka\/#primaryimage"},"thumbnailUrl":"https:\/\/dianadello.ee\/wp-content\/uploads\/2025\/05\/Diana_Dello_Jewelry_Kreeka-sumedad-ood-scaled.jpg","datePublished":"2025-05-07T14:54:53+00:00","dateModified":"2026-02-13T07:24:37+00:00","breadcrumb":{"@id":"https:\/\/dianadello.ee\/en\/product\/sumedad-ood-kreeka\/#breadcrumb"},"inLanguage":"en-GB","potentialAction":[{"@type":"ReadAction","target":["https:\/\/dianadello.ee\/en\/product\/sumedad-ood-kreeka\/"]}]},{"@type":"ImageObject","inLanguage":"en-GB","@id":"https:\/\/dianadello.ee\/en\/product\/sumedad-ood-kreeka\/#primaryimage","url":"https:\/\/dianadello.ee\/wp-content\/uploads\/2025\/05\/Diana_Dello_Jewelry_Kreeka-sumedad-ood-scaled.jpg","contentUrl":"https:\/\/dianadello.ee\/wp-content\/uploads\/2025\/05\/Diana_Dello_Jewelry_Kreeka-sumedad-ood-scaled.jpg","width":1707,"height":2560,"caption":"Diana_Dello_Jewelry_Kreeka, sumedad o\u0308o\u0308d, h\u00f5bedast k\u00f5rvar\u00f5ngad"},{"@type":"BreadcrumbList","@id":"https:\/\/dianadello.ee\/en\/product\/sumedad-ood-kreeka\/#breadcrumb","itemListElement":[{"@type":"ListItem","position":1,"name":"Home","item":"https:\/\/dianadello.ee\/en\/"},{"@type":"ListItem","position":2,"name":"Products","item":"https:\/\/dianadello.ee\/en\/shop\/"},{"@type":"ListItem","position":3,"name":"sumedad \u00f6\u00f6d, Kreeka"}]},{"@type":"WebSite","@id":"https:\/\/dianadello.ee\/#website","url":"https:\/\/dianadello.ee\/","name":"Diana Dello k\u00e4sit\u00f6\u00f6 h\u00f5beehted","description":"stories about tradition, nature and people","publisher":{"@id":"https:\/\/dianadello.ee\/#\/schema\/person\/4147cd15ba226578341e014eda1b623a"},"potentialAction":[{"@type":"SearchAction","target":{"@type":"EntryPoint","urlTemplate":"https:\/\/dianadello.ee\/?s={search_term_string}"},"query-input":{"@type":"PropertyValueSpecification","valueRequired":true,"valueName":"search_term_string"}}],"inLanguage":"en-GB"},{"@type":["Person","Organization"],"@id":"https:\/\/dianadello.ee\/#\/schema\/person\/4147cd15ba226578341e014eda1b623a","name":"Diana Dello","image":{"@type":"ImageObject","inLanguage":"en-GB","@id":"https:\/\/dianadello.ee\/wp-content\/uploads\/2024\/07\/diana-dello-logo-3.svg","url":"https:\/\/dianadello.ee\/wp-content\/uploads\/2024\/07\/diana-dello-logo-3.svg","contentUrl":"https:\/\/dianadello.ee\/wp-content\/uploads\/2024\/07\/diana-dello-logo-3.svg","width":472,"height":120,"caption":"Diana Dello"},"logo":{"@id":"https:\/\/dianadello.ee\/wp-content\/uploads\/2024\/07\/diana-dello-logo-3.svg"},"description":"Diana Dello is a jewelry artist.","sameAs":["http:\/\/www.dianadello.ee","https:\/\/www.facebook.com\/profile.php?id=100063743642811"]}]}},"_links":{"self":[{"href":"https:\/\/dianadello.ee\/en\/wp-json\/wp\/v2\/product\/2393","targetHints":{"allow":["GET"]}}],"collection":[{"href":"https:\/\/dianadello.ee\/en\/wp-json\/wp\/v2\/product"}],"about":[{"href":"https:\/\/dianadello.ee\/en\/wp-json\/wp\/v2\/types\/product"}],"replies":[{"embeddable":true,"href":"https:\/\/dianadello.ee\/en\/wp-json\/wp\/v2\/comments?post=2393"}],"wp:featuredmedia":[{"embeddable":true,"href":"https:\/\/dianadello.ee\/en\/wp-json\/wp\/v2\/media\/2394"}],"wp:attachment":[{"href":"https:\/\/dianadello.ee\/en\/wp-json\/wp\/v2\/media?parent=2393"}],"wp:term":[{"taxonomy":"product_brand","embeddable":true,"href":"https:\/\/dianadello.ee\/en\/wp-json\/wp\/v2\/product_brand?post=2393"},{"taxonomy":"product_cat","embeddable":true,"href":"https:\/\/dianadello.ee\/en\/wp-json\/wp\/v2\/product_cat?post=2393"},{"taxonomy":"product_tag","embeddable":true,"href":"https:\/\/dianadello.ee\/en\/wp-json\/wp\/v2\/product_tag?post=2393"}],"curies":[{"name":"wp","href":"https:\/\/api.w.org\/{rel}","templated":true}]}}