{"id":2429,"date":"2025-07-10T12:50:44","date_gmt":"2025-07-10T09:50:44","guid":{"rendered":"https:\/\/dianadello.ee\/?post_type=product&#038;p=2429"},"modified":"2026-03-20T12:46:33","modified_gmt":"2026-03-20T09:46:33","slug":"kuumad-tuuled-on-kaugel-vaikus-kanarbikumets","status":"publish","type":"product","link":"https:\/\/dianadello.ee\/en\/product\/kuumad-tuuled-on-kaugel-vaikus-kanarbikumets\/","title":{"rendered":"kuumad tuuled on kaugel, vaikus, kanarbikumets"},"content":{"rendered":"<p>mageveep\u00e4rlid, helmed, h\u00f5be 925<\/p>\n<p>k\u00f5rvar\u00f5ngaste k\u00f5rgus 4,8 cm<\/p>\n<p>***<\/p>\n<p>K\u00f5rvar\u00f5ngastel on v\u00e4ike h\u00f5bedast ripats, mis meenutab nii kuumade tuulte juurest p\u00e4rit Kreeka merikarpi kui ka m\u00e4nnipuu okkaid Eesti kanarbikumetsas. K\u00f5rvar\u00f5ngastel on p\u00e4rlitest vihmapiisad.<\/p>\n<p>Ikka unistame ju sellest, mida meil parasjagu ei ole &#8211; kas siis kargest vihmasajust v\u00e4rskest metsast v\u00f5i hoopis l\u00f5unamaa kuumadest tuultest&#8230;<\/p>","protected":false},"excerpt":{"rendered":"<p>mageveep\u00e4rlid, helmed, h\u00f5be 925 k\u00f5rvar\u00f5ngaste k\u00f5rgus 4,8 cm *** K\u00f5rvar\u00f5ngastel on v\u00e4ike h\u00f5bedast ripats, mis meenutab nii kuumade tuulte juurest p\u00e4rit Kreeka merikarpi kui ka m\u00e4nnipuu okkaid Eesti kanarbikumetsas. K\u00f5rvar\u00f5ngastel on p\u00e4rlitest vihmapiisad. Ikka unistame ju sellest, mida meil parasjagu ei ole &#8211; kas siis kargest vihmasajust v\u00e4rskest metsast v\u00f5i hoopis l\u00f5unamaa kuumadest tuultest&#8230;<\/p>","protected":false},"featured_media":2430,"comment_status":"open","ping_status":"closed","template":"","meta":[],"product_brand":[],"product_cat":[19,29],"product_tag":[],"class_list":{"0":"post-2429","1":"product","2":"type-product","3":"status-publish","4":"has-post-thumbnail","6":"product_cat-koik-ehted","7":"product_cat-korvarongad","9":"first","10":"instock","11":"shipping-taxable","12":"purchasable","13":"product-type-simple"},"yoast_head":"<!-- This site is optimized with the Yoast SEO plugin v27.3 - https:\/\/yoast.com\/product\/yoast-seo-wordpress\/ -->\n<title>kuumad tuuled on kaugel, vaikus, kanarbikumets &#8211; Diana Dello k\u00e4sit\u00f6\u00f6 h\u00f5beehted<\/title>\n<meta name=\"robots\" content=\"index, follow, max-snippet:-1, max-image-preview:large, max-video-preview:-1\" \/>\n<link rel=\"canonical\" href=\"https:\/\/www.dianadello.ee\/en\/product\/kuumad-tuuled-on-kaugel-vaikus-kanarbikumets\/\" \/>\n<meta property=\"og:locale\" content=\"en_GB\" \/>\n<meta property=\"og:type\" content=\"article\" \/>\n<meta property=\"og:title\" content=\"kuumad tuuled on kaugel, vaikus, kanarbikumets &#8211; Diana Dello k\u00e4sit\u00f6\u00f6 h\u00f5beehted\" \/>\n<meta property=\"og:description\" content=\"mageveep\u00e4rlid, helmed, h\u00f5be 925 k\u00f5rvar\u00f5ngaste k\u00f5rgus 4,8 cm *** K\u00f5rvar\u00f5ngastel on v\u00e4ike h\u00f5bedast ripats, mis meenutab nii kuumade tuulte juurest p\u00e4rit Kreeka merikarpi kui ka m\u00e4nnipuu okkaid Eesti kanarbikumetsas. K\u00f5rvar\u00f5ngastel on p\u00e4rlitest vihmapiisad. Ikka unistame ju sellest, mida meil parasjagu ei ole &#8211; kas siis kargest vihmasajust v\u00e4rskest metsast v\u00f5i hoopis l\u00f5unamaa kuumadest tuultest&#8230;\" \/>\n<meta property=\"og:url\" content=\"https:\/\/www.dianadello.ee\/en\/product\/kuumad-tuuled-on-kaugel-vaikus-kanarbikumets\/\" \/>\n<meta property=\"og:site_name\" content=\"Diana Dello k\u00e4sit\u00f6\u00f6 h\u00f5beehted\" \/>\n<meta property=\"article:publisher\" content=\"https:\/\/www.facebook.com\/profile.php?id=100063743642811\" \/>\n<meta property=\"article:modified_time\" content=\"2026-03-20T09:46:33+00:00\" \/>\n<meta property=\"og:image\" content=\"https:\/\/dianadello.ee\/wp-content\/uploads\/2025\/07\/kuumad-tuuled-on-kaugel-vaikus-kanarbikumets_-Diana-Dello-Jewelry-scaled.jpeg\" \/>\n\t<meta property=\"og:image:width\" content=\"1920\" \/>\n\t<meta property=\"og:image:height\" content=\"2560\" \/>\n\t<meta property=\"og:image:type\" content=\"image\/jpeg\" \/>\n<meta name=\"twitter:card\" content=\"summary_large_image\" \/>\n<meta name=\"twitter:label1\" content=\"Estimated reading time\" \/>\n\t<meta name=\"twitter:data1\" content=\"1 minute\" \/>\n<script type=\"application\/ld+json\" class=\"yoast-schema-graph\">{\"@context\":\"https:\\\/\\\/schema.org\",\"@graph\":[{\"@type\":\"WebPage\",\"@id\":\"https:\\\/\\\/www.dianadello.ee\\\/en\\\/product\\\/kuumad-tuuled-on-kaugel-vaikus-kanarbikumets\\\/\",\"url\":\"https:\\\/\\\/www.dianadello.ee\\\/en\\\/product\\\/kuumad-tuuled-on-kaugel-vaikus-kanarbikumets\\\/\",\"name\":\"kuumad tuuled on kaugel, vaikus, kanarbikumets &#8211; Diana Dello k\u00e4sit\u00f6\u00f6 h\u00f5beehted\",\"isPartOf\":{\"@id\":\"https:\\\/\\\/dianadello.ee\\\/#website\"},\"primaryImageOfPage\":{\"@id\":\"https:\\\/\\\/www.dianadello.ee\\\/en\\\/product\\\/kuumad-tuuled-on-kaugel-vaikus-kanarbikumets\\\/#primaryimage\"},\"image\":{\"@id\":\"https:\\\/\\\/www.dianadello.ee\\\/en\\\/product\\\/kuumad-tuuled-on-kaugel-vaikus-kanarbikumets\\\/#primaryimage\"},\"thumbnailUrl\":\"https:\\\/\\\/dianadello.ee\\\/wp-content\\\/uploads\\\/2025\\\/07\\\/kuumad-tuuled-on-kaugel-vaikus-kanarbikumets_-Diana-Dello-Jewelry-scaled.jpeg\",\"datePublished\":\"2025-07-10T09:50:44+00:00\",\"dateModified\":\"2026-03-20T09:46:33+00:00\",\"breadcrumb\":{\"@id\":\"https:\\\/\\\/www.dianadello.ee\\\/en\\\/product\\\/kuumad-tuuled-on-kaugel-vaikus-kanarbikumets\\\/#breadcrumb\"},\"inLanguage\":\"en-GB\",\"potentialAction\":[{\"@type\":\"ReadAction\",\"target\":[\"https:\\\/\\\/www.dianadello.ee\\\/en\\\/product\\\/kuumad-tuuled-on-kaugel-vaikus-kanarbikumets\\\/\"]}]},{\"@type\":\"ImageObject\",\"inLanguage\":\"en-GB\",\"@id\":\"https:\\\/\\\/www.dianadello.ee\\\/en\\\/product\\\/kuumad-tuuled-on-kaugel-vaikus-kanarbikumets\\\/#primaryimage\",\"url\":\"https:\\\/\\\/dianadello.ee\\\/wp-content\\\/uploads\\\/2025\\\/07\\\/kuumad-tuuled-on-kaugel-vaikus-kanarbikumets_-Diana-Dello-Jewelry-scaled.jpeg\",\"contentUrl\":\"https:\\\/\\\/dianadello.ee\\\/wp-content\\\/uploads\\\/2025\\\/07\\\/kuumad-tuuled-on-kaugel-vaikus-kanarbikumets_-Diana-Dello-Jewelry-scaled.jpeg\",\"width\":1920,\"height\":2560,\"caption\":\"kuumad tuuled on kaugel, vaikus, kanarbikumets\"},{\"@type\":\"BreadcrumbList\",\"@id\":\"https:\\\/\\\/www.dianadello.ee\\\/en\\\/product\\\/kuumad-tuuled-on-kaugel-vaikus-kanarbikumets\\\/#breadcrumb\",\"itemListElement\":[{\"@type\":\"ListItem\",\"position\":1,\"name\":\"Home\",\"item\":\"https:\\\/\\\/dianadello.ee\\\/en\\\/\"},{\"@type\":\"ListItem\",\"position\":2,\"name\":\"Products\",\"item\":\"https:\\\/\\\/dianadello.ee\\\/en\\\/shop\\\/\"},{\"@type\":\"ListItem\",\"position\":3,\"name\":\"kuumad tuuled on kaugel, vaikus, kanarbikumets\"}]},{\"@type\":\"WebSite\",\"@id\":\"https:\\\/\\\/dianadello.ee\\\/#website\",\"url\":\"https:\\\/\\\/dianadello.ee\\\/\",\"name\":\"Diana Dello k\u00e4sit\u00f6\u00f6 h\u00f5beehted\",\"description\":\"lood p\u00e4rimusest, loodusest ja inimesest\",\"publisher\":{\"@id\":\"https:\\\/\\\/dianadello.ee\\\/#\\\/schema\\\/person\\\/4147cd15ba226578341e014eda1b623a\"},\"potentialAction\":[{\"@type\":\"SearchAction\",\"target\":{\"@type\":\"EntryPoint\",\"urlTemplate\":\"https:\\\/\\\/dianadello.ee\\\/?s={search_term_string}\"},\"query-input\":{\"@type\":\"PropertyValueSpecification\",\"valueRequired\":true,\"valueName\":\"search_term_string\"}}],\"inLanguage\":\"en-GB\"},{\"@type\":[\"Person\",\"Organization\"],\"@id\":\"https:\\\/\\\/dianadello.ee\\\/#\\\/schema\\\/person\\\/4147cd15ba226578341e014eda1b623a\",\"name\":\"Diana Dello\",\"image\":{\"@type\":\"ImageObject\",\"inLanguage\":\"en-GB\",\"@id\":\"https:\\\/\\\/dianadello.ee\\\/wp-content\\\/uploads\\\/2024\\\/07\\\/diana-dello-logo-3.svg\",\"url\":\"https:\\\/\\\/dianadello.ee\\\/wp-content\\\/uploads\\\/2024\\\/07\\\/diana-dello-logo-3.svg\",\"contentUrl\":\"https:\\\/\\\/dianadello.ee\\\/wp-content\\\/uploads\\\/2024\\\/07\\\/diana-dello-logo-3.svg\",\"width\":472,\"height\":120,\"caption\":\"Diana Dello\"},\"logo\":{\"@id\":\"https:\\\/\\\/dianadello.ee\\\/wp-content\\\/uploads\\\/2024\\\/07\\\/diana-dello-logo-3.svg\"},\"description\":\"Diana Dello is a jewelry artist.\",\"sameAs\":[\"http:\\\/\\\/www.dianadello.ee\",\"https:\\\/\\\/www.facebook.com\\\/profile.php?id=100063743642811\"]}]}<\/script>\n<!-- \/ Yoast SEO plugin. -->","yoast_head_json":{"title":"kuumad tuuled on kaugel, vaikus, kanarbikumets &#8211; Diana Dello k\u00e4sit\u00f6\u00f6 h\u00f5beehted","robots":{"index":"index","follow":"follow","max-snippet":"max-snippet:-1","max-image-preview":"max-image-preview:large","max-video-preview":"max-video-preview:-1"},"canonical":"https:\/\/www.dianadello.ee\/en\/product\/kuumad-tuuled-on-kaugel-vaikus-kanarbikumets\/","og_locale":"en_GB","og_type":"article","og_title":"kuumad tuuled on kaugel, vaikus, kanarbikumets &#8211; Diana Dello k\u00e4sit\u00f6\u00f6 h\u00f5beehted","og_description":"mageveep\u00e4rlid, helmed, h\u00f5be 925 k\u00f5rvar\u00f5ngaste k\u00f5rgus 4,8 cm *** K\u00f5rvar\u00f5ngastel on v\u00e4ike h\u00f5bedast ripats, mis meenutab nii kuumade tuulte juurest p\u00e4rit Kreeka merikarpi kui ka m\u00e4nnipuu okkaid Eesti kanarbikumetsas. K\u00f5rvar\u00f5ngastel on p\u00e4rlitest vihmapiisad. Ikka unistame ju sellest, mida meil parasjagu ei ole &#8211; kas siis kargest vihmasajust v\u00e4rskest metsast v\u00f5i hoopis l\u00f5unamaa kuumadest tuultest&#8230;","og_url":"https:\/\/www.dianadello.ee\/en\/product\/kuumad-tuuled-on-kaugel-vaikus-kanarbikumets\/","og_site_name":"Diana Dello k\u00e4sit\u00f6\u00f6 h\u00f5beehted","article_publisher":"https:\/\/www.facebook.com\/profile.php?id=100063743642811","article_modified_time":"2026-03-20T09:46:33+00:00","og_image":[{"width":1920,"height":2560,"url":"https:\/\/dianadello.ee\/wp-content\/uploads\/2025\/07\/kuumad-tuuled-on-kaugel-vaikus-kanarbikumets_-Diana-Dello-Jewelry-scaled.jpeg","type":"image\/jpeg"}],"twitter_card":"summary_large_image","twitter_misc":{"Estimated reading time":"1 minute"},"schema":{"@context":"https:\/\/schema.org","@graph":[{"@type":"WebPage","@id":"https:\/\/www.dianadello.ee\/en\/product\/kuumad-tuuled-on-kaugel-vaikus-kanarbikumets\/","url":"https:\/\/www.dianadello.ee\/en\/product\/kuumad-tuuled-on-kaugel-vaikus-kanarbikumets\/","name":"kuumad tuuled on kaugel, vaikus, kanarbikumets &#8211; Diana Dello k\u00e4sit\u00f6\u00f6 h\u00f5beehted","isPartOf":{"@id":"https:\/\/dianadello.ee\/#website"},"primaryImageOfPage":{"@id":"https:\/\/www.dianadello.ee\/en\/product\/kuumad-tuuled-on-kaugel-vaikus-kanarbikumets\/#primaryimage"},"image":{"@id":"https:\/\/www.dianadello.ee\/en\/product\/kuumad-tuuled-on-kaugel-vaikus-kanarbikumets\/#primaryimage"},"thumbnailUrl":"https:\/\/dianadello.ee\/wp-content\/uploads\/2025\/07\/kuumad-tuuled-on-kaugel-vaikus-kanarbikumets_-Diana-Dello-Jewelry-scaled.jpeg","datePublished":"2025-07-10T09:50:44+00:00","dateModified":"2026-03-20T09:46:33+00:00","breadcrumb":{"@id":"https:\/\/www.dianadello.ee\/en\/product\/kuumad-tuuled-on-kaugel-vaikus-kanarbikumets\/#breadcrumb"},"inLanguage":"en-GB","potentialAction":[{"@type":"ReadAction","target":["https:\/\/www.dianadello.ee\/en\/product\/kuumad-tuuled-on-kaugel-vaikus-kanarbikumets\/"]}]},{"@type":"ImageObject","inLanguage":"en-GB","@id":"https:\/\/www.dianadello.ee\/en\/product\/kuumad-tuuled-on-kaugel-vaikus-kanarbikumets\/#primaryimage","url":"https:\/\/dianadello.ee\/wp-content\/uploads\/2025\/07\/kuumad-tuuled-on-kaugel-vaikus-kanarbikumets_-Diana-Dello-Jewelry-scaled.jpeg","contentUrl":"https:\/\/dianadello.ee\/wp-content\/uploads\/2025\/07\/kuumad-tuuled-on-kaugel-vaikus-kanarbikumets_-Diana-Dello-Jewelry-scaled.jpeg","width":1920,"height":2560,"caption":"kuumad tuuled on kaugel, vaikus, kanarbikumets"},{"@type":"BreadcrumbList","@id":"https:\/\/www.dianadello.ee\/en\/product\/kuumad-tuuled-on-kaugel-vaikus-kanarbikumets\/#breadcrumb","itemListElement":[{"@type":"ListItem","position":1,"name":"Home","item":"https:\/\/dianadello.ee\/en\/"},{"@type":"ListItem","position":2,"name":"Products","item":"https:\/\/dianadello.ee\/en\/shop\/"},{"@type":"ListItem","position":3,"name":"kuumad tuuled on kaugel, vaikus, kanarbikumets"}]},{"@type":"WebSite","@id":"https:\/\/dianadello.ee\/#website","url":"https:\/\/dianadello.ee\/","name":"Diana Dello k\u00e4sit\u00f6\u00f6 h\u00f5beehted","description":"stories about tradition, nature and people","publisher":{"@id":"https:\/\/dianadello.ee\/#\/schema\/person\/4147cd15ba226578341e014eda1b623a"},"potentialAction":[{"@type":"SearchAction","target":{"@type":"EntryPoint","urlTemplate":"https:\/\/dianadello.ee\/?s={search_term_string}"},"query-input":{"@type":"PropertyValueSpecification","valueRequired":true,"valueName":"search_term_string"}}],"inLanguage":"en-GB"},{"@type":["Person","Organization"],"@id":"https:\/\/dianadello.ee\/#\/schema\/person\/4147cd15ba226578341e014eda1b623a","name":"Diana Dello","image":{"@type":"ImageObject","inLanguage":"en-GB","@id":"https:\/\/dianadello.ee\/wp-content\/uploads\/2024\/07\/diana-dello-logo-3.svg","url":"https:\/\/dianadello.ee\/wp-content\/uploads\/2024\/07\/diana-dello-logo-3.svg","contentUrl":"https:\/\/dianadello.ee\/wp-content\/uploads\/2024\/07\/diana-dello-logo-3.svg","width":472,"height":120,"caption":"Diana Dello"},"logo":{"@id":"https:\/\/dianadello.ee\/wp-content\/uploads\/2024\/07\/diana-dello-logo-3.svg"},"description":"Diana Dello is a jewelry artist.","sameAs":["http:\/\/www.dianadello.ee","https:\/\/www.facebook.com\/profile.php?id=100063743642811"]}]}},"_links":{"self":[{"href":"https:\/\/dianadello.ee\/en\/wp-json\/wp\/v2\/product\/2429","targetHints":{"allow":["GET"]}}],"collection":[{"href":"https:\/\/dianadello.ee\/en\/wp-json\/wp\/v2\/product"}],"about":[{"href":"https:\/\/dianadello.ee\/en\/wp-json\/wp\/v2\/types\/product"}],"replies":[{"embeddable":true,"href":"https:\/\/dianadello.ee\/en\/wp-json\/wp\/v2\/comments?post=2429"}],"wp:featuredmedia":[{"embeddable":true,"href":"https:\/\/dianadello.ee\/en\/wp-json\/wp\/v2\/media\/2430"}],"wp:attachment":[{"href":"https:\/\/dianadello.ee\/en\/wp-json\/wp\/v2\/media?parent=2429"}],"wp:term":[{"taxonomy":"product_brand","embeddable":true,"href":"https:\/\/dianadello.ee\/en\/wp-json\/wp\/v2\/product_brand?post=2429"},{"taxonomy":"product_cat","embeddable":true,"href":"https:\/\/dianadello.ee\/en\/wp-json\/wp\/v2\/product_cat?post=2429"},{"taxonomy":"product_tag","embeddable":true,"href":"https:\/\/dianadello.ee\/en\/wp-json\/wp\/v2\/product_tag?post=2429"}],"curies":[{"name":"wp","href":"https:\/\/api.w.org\/{rel}","templated":true}]}}