{"id":2438,"date":"2025-07-10T14:44:02","date_gmt":"2025-07-10T11:44:02","guid":{"rendered":"https:\/\/dianadello.ee\/?post_type=product&#038;p=2438"},"modified":"2026-03-20T12:39:46","modified_gmt":"2026-03-20T09:39:46","slug":"numfide-kuldsed-silmad","status":"publish","type":"product","link":"https:\/\/dianadello.ee\/en\/product\/numfide-kuldsed-silmad\/","title":{"rendered":"n\u00fcmfide kuldsed silmad"},"content":{"rendered":"<p>merevaik, oon\u00fcksist helmed, oks\u00fcdeeritud h\u00f5be 925<\/p>\n<p>k\u00f5rvar\u00f5ngaste k\u00f5rgus koos kinnitusega 4,1 cm<\/p>\n<p>***<\/p>\n<p>V\u00e4ikese mootorrattareisi kaugusel minu kodust, Antiik Ol\u00fcmpia l\u00e4heduses on imeilus koht, kus termaalvesi m\u00e4ekalju seest v\u00e4lja voolab. Seal on muistsed jumalused k\u00fcmmelda armastanud ja paikselt on seal elanud Anigridi n\u00fcmfid. See koht on \u00fcks minu lemmik-kohti Kreekas.<\/p>\n<p>N\u00fcmfidega saab seal kohtuda vabalt, ja nende kuldsetesse silmadesse vaadata. Kui koopa juures peatud, on kohe kuldsete silmadega kuldsete\u00a0 veekilpkonnade parv sul vastas.<\/p>","protected":false},"excerpt":{"rendered":"<p>merevaik, oon\u00fcksist helmed, oks\u00fcdeeritud h\u00f5be 925 k\u00f5rvar\u00f5ngaste k\u00f5rgus koos kinnitusega 4,1 cm *** V\u00e4ikese mootorrattareisi kaugusel minu kodust, Antiik Ol\u00fcmpia l\u00e4heduses on imeilus koht, kus termaalvesi m\u00e4ekalju seest v\u00e4lja voolab. Seal on muistsed jumalused k\u00fcmmelda armastanud ja paikselt on seal elanud Anigridi n\u00fcmfid. See koht on \u00fcks minu lemmik-kohti Kreekas. N\u00fcmfidega saab seal kohtuda vabalt, [&hellip;]<\/p>\n","protected":false},"featured_media":2442,"comment_status":"open","ping_status":"closed","template":"","meta":[],"product_brand":[],"product_cat":[19,29],"product_tag":[],"class_list":{"0":"post-2438","1":"product","2":"type-product","3":"status-publish","4":"has-post-thumbnail","6":"product_cat-koik-ehted","7":"product_cat-korvarongad","9":"first","10":"instock","11":"shipping-taxable","12":"purchasable","13":"product-type-simple"},"yoast_head":"<!-- This site is optimized with the Yoast SEO plugin v27.3 - https:\/\/yoast.com\/product\/yoast-seo-wordpress\/ -->\n<title>n\u00fcmfide kuldsed silmad &#8211; Diana Dello k\u00e4sit\u00f6\u00f6 h\u00f5beehted<\/title>\n<meta name=\"robots\" content=\"index, follow, max-snippet:-1, max-image-preview:large, max-video-preview:-1\" \/>\n<link rel=\"canonical\" href=\"https:\/\/dianadello.ee\/en\/product\/numfide-kuldsed-silmad\/\" \/>\n<meta property=\"og:locale\" content=\"en_GB\" \/>\n<meta property=\"og:type\" content=\"article\" \/>\n<meta property=\"og:title\" content=\"n\u00fcmfide kuldsed silmad &#8211; Diana Dello k\u00e4sit\u00f6\u00f6 h\u00f5beehted\" \/>\n<meta property=\"og:description\" content=\"merevaik, oon\u00fcksist helmed, oks\u00fcdeeritud h\u00f5be 925 k\u00f5rvar\u00f5ngaste k\u00f5rgus koos kinnitusega 4,1 cm *** V\u00e4ikese mootorrattareisi kaugusel minu kodust, Antiik Ol\u00fcmpia l\u00e4heduses on imeilus koht, kus termaalvesi m\u00e4ekalju seest v\u00e4lja voolab. Seal on muistsed jumalused k\u00fcmmelda armastanud ja paikselt on seal elanud Anigridi n\u00fcmfid. See koht on \u00fcks minu lemmik-kohti Kreekas. N\u00fcmfidega saab seal kohtuda vabalt, [&hellip;]\" \/>\n<meta property=\"og:url\" content=\"https:\/\/dianadello.ee\/en\/product\/numfide-kuldsed-silmad\/\" \/>\n<meta property=\"og:site_name\" content=\"Diana Dello k\u00e4sit\u00f6\u00f6 h\u00f5beehted\" \/>\n<meta property=\"article:publisher\" content=\"https:\/\/www.facebook.com\/profile.php?id=100063743642811\" \/>\n<meta property=\"article:modified_time\" content=\"2026-03-20T09:39:46+00:00\" \/>\n<meta property=\"og:image\" content=\"https:\/\/dianadello.ee\/wp-content\/uploads\/2025\/07\/numfide-kuldsed-silmad_Diana-Dello-Jewelry-scaled.jpeg\" \/>\n\t<meta property=\"og:image:width\" content=\"1920\" \/>\n\t<meta property=\"og:image:height\" content=\"2560\" \/>\n\t<meta property=\"og:image:type\" content=\"image\/jpeg\" \/>\n<meta name=\"twitter:card\" content=\"summary_large_image\" \/>\n<meta name=\"twitter:label1\" content=\"Estimated reading time\" \/>\n\t<meta name=\"twitter:data1\" content=\"1 minute\" \/>\n<script type=\"application\/ld+json\" class=\"yoast-schema-graph\">{\"@context\":\"https:\\\/\\\/schema.org\",\"@graph\":[{\"@type\":\"WebPage\",\"@id\":\"https:\\\/\\\/dianadello.ee\\\/en\\\/product\\\/numfide-kuldsed-silmad\\\/\",\"url\":\"https:\\\/\\\/dianadello.ee\\\/en\\\/product\\\/numfide-kuldsed-silmad\\\/\",\"name\":\"n\u00fcmfide kuldsed silmad &#8211; Diana Dello k\u00e4sit\u00f6\u00f6 h\u00f5beehted\",\"isPartOf\":{\"@id\":\"https:\\\/\\\/dianadello.ee\\\/#website\"},\"primaryImageOfPage\":{\"@id\":\"https:\\\/\\\/dianadello.ee\\\/en\\\/product\\\/numfide-kuldsed-silmad\\\/#primaryimage\"},\"image\":{\"@id\":\"https:\\\/\\\/dianadello.ee\\\/en\\\/product\\\/numfide-kuldsed-silmad\\\/#primaryimage\"},\"thumbnailUrl\":\"https:\\\/\\\/dianadello.ee\\\/wp-content\\\/uploads\\\/2025\\\/07\\\/numfide-kuldsed-silmad_Diana-Dello-Jewelry-scaled.jpeg\",\"datePublished\":\"2025-07-10T11:44:02+00:00\",\"dateModified\":\"2026-03-20T09:39:46+00:00\",\"breadcrumb\":{\"@id\":\"https:\\\/\\\/dianadello.ee\\\/en\\\/product\\\/numfide-kuldsed-silmad\\\/#breadcrumb\"},\"inLanguage\":\"en-GB\",\"potentialAction\":[{\"@type\":\"ReadAction\",\"target\":[\"https:\\\/\\\/dianadello.ee\\\/en\\\/product\\\/numfide-kuldsed-silmad\\\/\"]}]},{\"@type\":\"ImageObject\",\"inLanguage\":\"en-GB\",\"@id\":\"https:\\\/\\\/dianadello.ee\\\/en\\\/product\\\/numfide-kuldsed-silmad\\\/#primaryimage\",\"url\":\"https:\\\/\\\/dianadello.ee\\\/wp-content\\\/uploads\\\/2025\\\/07\\\/numfide-kuldsed-silmad_Diana-Dello-Jewelry-scaled.jpeg\",\"contentUrl\":\"https:\\\/\\\/dianadello.ee\\\/wp-content\\\/uploads\\\/2025\\\/07\\\/numfide-kuldsed-silmad_Diana-Dello-Jewelry-scaled.jpeg\",\"width\":1920,\"height\":2560,\"caption\":\"n\u00fcmfide kuldsed silmad_Diana Dello Jewelry\"},{\"@type\":\"BreadcrumbList\",\"@id\":\"https:\\\/\\\/dianadello.ee\\\/en\\\/product\\\/numfide-kuldsed-silmad\\\/#breadcrumb\",\"itemListElement\":[{\"@type\":\"ListItem\",\"position\":1,\"name\":\"Home\",\"item\":\"https:\\\/\\\/dianadello.ee\\\/en\\\/\"},{\"@type\":\"ListItem\",\"position\":2,\"name\":\"Products\",\"item\":\"https:\\\/\\\/dianadello.ee\\\/en\\\/shop\\\/\"},{\"@type\":\"ListItem\",\"position\":3,\"name\":\"n\u00fcmfide kuldsed silmad\"}]},{\"@type\":\"WebSite\",\"@id\":\"https:\\\/\\\/dianadello.ee\\\/#website\",\"url\":\"https:\\\/\\\/dianadello.ee\\\/\",\"name\":\"Diana Dello k\u00e4sit\u00f6\u00f6 h\u00f5beehted\",\"description\":\"lood p\u00e4rimusest, loodusest ja inimesest\",\"publisher\":{\"@id\":\"https:\\\/\\\/dianadello.ee\\\/#\\\/schema\\\/person\\\/4147cd15ba226578341e014eda1b623a\"},\"potentialAction\":[{\"@type\":\"SearchAction\",\"target\":{\"@type\":\"EntryPoint\",\"urlTemplate\":\"https:\\\/\\\/dianadello.ee\\\/?s={search_term_string}\"},\"query-input\":{\"@type\":\"PropertyValueSpecification\",\"valueRequired\":true,\"valueName\":\"search_term_string\"}}],\"inLanguage\":\"en-GB\"},{\"@type\":[\"Person\",\"Organization\"],\"@id\":\"https:\\\/\\\/dianadello.ee\\\/#\\\/schema\\\/person\\\/4147cd15ba226578341e014eda1b623a\",\"name\":\"Diana Dello\",\"image\":{\"@type\":\"ImageObject\",\"inLanguage\":\"en-GB\",\"@id\":\"https:\\\/\\\/dianadello.ee\\\/wp-content\\\/uploads\\\/2024\\\/07\\\/diana-dello-logo-3.svg\",\"url\":\"https:\\\/\\\/dianadello.ee\\\/wp-content\\\/uploads\\\/2024\\\/07\\\/diana-dello-logo-3.svg\",\"contentUrl\":\"https:\\\/\\\/dianadello.ee\\\/wp-content\\\/uploads\\\/2024\\\/07\\\/diana-dello-logo-3.svg\",\"width\":472,\"height\":120,\"caption\":\"Diana Dello\"},\"logo\":{\"@id\":\"https:\\\/\\\/dianadello.ee\\\/wp-content\\\/uploads\\\/2024\\\/07\\\/diana-dello-logo-3.svg\"},\"description\":\"Diana Dello is a jewelry artist.\",\"sameAs\":[\"http:\\\/\\\/www.dianadello.ee\",\"https:\\\/\\\/www.facebook.com\\\/profile.php?id=100063743642811\"]}]}<\/script>\n<!-- \/ Yoast SEO plugin. -->","yoast_head_json":{"title":"n\u00fcmfide kuldsed silmad &#8211; Diana Dello k\u00e4sit\u00f6\u00f6 h\u00f5beehted","robots":{"index":"index","follow":"follow","max-snippet":"max-snippet:-1","max-image-preview":"max-image-preview:large","max-video-preview":"max-video-preview:-1"},"canonical":"https:\/\/dianadello.ee\/en\/product\/numfide-kuldsed-silmad\/","og_locale":"en_GB","og_type":"article","og_title":"n\u00fcmfide kuldsed silmad &#8211; Diana Dello k\u00e4sit\u00f6\u00f6 h\u00f5beehted","og_description":"merevaik, oon\u00fcksist helmed, oks\u00fcdeeritud h\u00f5be 925 k\u00f5rvar\u00f5ngaste k\u00f5rgus koos kinnitusega 4,1 cm *** V\u00e4ikese mootorrattareisi kaugusel minu kodust, Antiik Ol\u00fcmpia l\u00e4heduses on imeilus koht, kus termaalvesi m\u00e4ekalju seest v\u00e4lja voolab. Seal on muistsed jumalused k\u00fcmmelda armastanud ja paikselt on seal elanud Anigridi n\u00fcmfid. See koht on \u00fcks minu lemmik-kohti Kreekas. N\u00fcmfidega saab seal kohtuda vabalt, [&hellip;]","og_url":"https:\/\/dianadello.ee\/en\/product\/numfide-kuldsed-silmad\/","og_site_name":"Diana Dello k\u00e4sit\u00f6\u00f6 h\u00f5beehted","article_publisher":"https:\/\/www.facebook.com\/profile.php?id=100063743642811","article_modified_time":"2026-03-20T09:39:46+00:00","og_image":[{"width":1920,"height":2560,"url":"https:\/\/dianadello.ee\/wp-content\/uploads\/2025\/07\/numfide-kuldsed-silmad_Diana-Dello-Jewelry-scaled.jpeg","type":"image\/jpeg"}],"twitter_card":"summary_large_image","twitter_misc":{"Estimated reading time":"1 minute"},"schema":{"@context":"https:\/\/schema.org","@graph":[{"@type":"WebPage","@id":"https:\/\/dianadello.ee\/en\/product\/numfide-kuldsed-silmad\/","url":"https:\/\/dianadello.ee\/en\/product\/numfide-kuldsed-silmad\/","name":"n\u00fcmfide kuldsed silmad &#8211; Diana Dello k\u00e4sit\u00f6\u00f6 h\u00f5beehted","isPartOf":{"@id":"https:\/\/dianadello.ee\/#website"},"primaryImageOfPage":{"@id":"https:\/\/dianadello.ee\/en\/product\/numfide-kuldsed-silmad\/#primaryimage"},"image":{"@id":"https:\/\/dianadello.ee\/en\/product\/numfide-kuldsed-silmad\/#primaryimage"},"thumbnailUrl":"https:\/\/dianadello.ee\/wp-content\/uploads\/2025\/07\/numfide-kuldsed-silmad_Diana-Dello-Jewelry-scaled.jpeg","datePublished":"2025-07-10T11:44:02+00:00","dateModified":"2026-03-20T09:39:46+00:00","breadcrumb":{"@id":"https:\/\/dianadello.ee\/en\/product\/numfide-kuldsed-silmad\/#breadcrumb"},"inLanguage":"en-GB","potentialAction":[{"@type":"ReadAction","target":["https:\/\/dianadello.ee\/en\/product\/numfide-kuldsed-silmad\/"]}]},{"@type":"ImageObject","inLanguage":"en-GB","@id":"https:\/\/dianadello.ee\/en\/product\/numfide-kuldsed-silmad\/#primaryimage","url":"https:\/\/dianadello.ee\/wp-content\/uploads\/2025\/07\/numfide-kuldsed-silmad_Diana-Dello-Jewelry-scaled.jpeg","contentUrl":"https:\/\/dianadello.ee\/wp-content\/uploads\/2025\/07\/numfide-kuldsed-silmad_Diana-Dello-Jewelry-scaled.jpeg","width":1920,"height":2560,"caption":"n\u00fcmfide kuldsed silmad_Diana Dello Jewelry"},{"@type":"BreadcrumbList","@id":"https:\/\/dianadello.ee\/en\/product\/numfide-kuldsed-silmad\/#breadcrumb","itemListElement":[{"@type":"ListItem","position":1,"name":"Home","item":"https:\/\/dianadello.ee\/en\/"},{"@type":"ListItem","position":2,"name":"Products","item":"https:\/\/dianadello.ee\/en\/shop\/"},{"@type":"ListItem","position":3,"name":"n\u00fcmfide kuldsed silmad"}]},{"@type":"WebSite","@id":"https:\/\/dianadello.ee\/#website","url":"https:\/\/dianadello.ee\/","name":"Diana Dello k\u00e4sit\u00f6\u00f6 h\u00f5beehted","description":"stories about tradition, nature and people","publisher":{"@id":"https:\/\/dianadello.ee\/#\/schema\/person\/4147cd15ba226578341e014eda1b623a"},"potentialAction":[{"@type":"SearchAction","target":{"@type":"EntryPoint","urlTemplate":"https:\/\/dianadello.ee\/?s={search_term_string}"},"query-input":{"@type":"PropertyValueSpecification","valueRequired":true,"valueName":"search_term_string"}}],"inLanguage":"en-GB"},{"@type":["Person","Organization"],"@id":"https:\/\/dianadello.ee\/#\/schema\/person\/4147cd15ba226578341e014eda1b623a","name":"Diana Dello","image":{"@type":"ImageObject","inLanguage":"en-GB","@id":"https:\/\/dianadello.ee\/wp-content\/uploads\/2024\/07\/diana-dello-logo-3.svg","url":"https:\/\/dianadello.ee\/wp-content\/uploads\/2024\/07\/diana-dello-logo-3.svg","contentUrl":"https:\/\/dianadello.ee\/wp-content\/uploads\/2024\/07\/diana-dello-logo-3.svg","width":472,"height":120,"caption":"Diana Dello"},"logo":{"@id":"https:\/\/dianadello.ee\/wp-content\/uploads\/2024\/07\/diana-dello-logo-3.svg"},"description":"Diana Dello is a jewelry artist.","sameAs":["http:\/\/www.dianadello.ee","https:\/\/www.facebook.com\/profile.php?id=100063743642811"]}]}},"_links":{"self":[{"href":"https:\/\/dianadello.ee\/en\/wp-json\/wp\/v2\/product\/2438","targetHints":{"allow":["GET"]}}],"collection":[{"href":"https:\/\/dianadello.ee\/en\/wp-json\/wp\/v2\/product"}],"about":[{"href":"https:\/\/dianadello.ee\/en\/wp-json\/wp\/v2\/types\/product"}],"replies":[{"embeddable":true,"href":"https:\/\/dianadello.ee\/en\/wp-json\/wp\/v2\/comments?post=2438"}],"wp:featuredmedia":[{"embeddable":true,"href":"https:\/\/dianadello.ee\/en\/wp-json\/wp\/v2\/media\/2442"}],"wp:attachment":[{"href":"https:\/\/dianadello.ee\/en\/wp-json\/wp\/v2\/media?parent=2438"}],"wp:term":[{"taxonomy":"product_brand","embeddable":true,"href":"https:\/\/dianadello.ee\/en\/wp-json\/wp\/v2\/product_brand?post=2438"},{"taxonomy":"product_cat","embeddable":true,"href":"https:\/\/dianadello.ee\/en\/wp-json\/wp\/v2\/product_cat?post=2438"},{"taxonomy":"product_tag","embeddable":true,"href":"https:\/\/dianadello.ee\/en\/wp-json\/wp\/v2\/product_tag?post=2438"}],"curies":[{"name":"wp","href":"https:\/\/api.w.org\/{rel}","templated":true}]}}